{"id":7891,"date":"2025-03-30T13:20:36","date_gmt":"2025-03-30T13:20:36","guid":{"rendered":"https:\/\/www.lugopenfactory.com\/?page_id=7891"},"modified":"2025-04-02T10:08:53","modified_gmt":"2025-04-02T10:08:53","slug":"hubok","status":"publish","type":"page","link":"https:\/\/www.lugopenfactory.com\/gl\/hubok\/","title":{"rendered":"Hub"},"content":{"rendered":"\t\t<div data-elementor-type=\"wp-page\" data-elementor-id=\"7891\" class=\"elementor elementor-7891\">\n\t\t\t\t\t\t<section class=\"elementor-section elementor-top-section elementor-element elementor-element-1a66a08 elementor-section-full_width elementor-section-height-min-height elementor-section-items-bottom elementor-section-content-bottom elementor-section-height-default\" data-id=\"1a66a08\" data-element_type=\"section\" data-settings=\"{&quot;background_background&quot;:&quot;video&quot;,&quot;background_video_link&quot;:&quot;https:\\\/\\\/www.youtube.com\\\/watch?v=OJU3lnXe6C8&quot;,&quot;background_video_start&quot;:25,&quot;background_video_end&quot;:48,&quot;background_play_on_mobile&quot;:&quot;yes&quot;,&quot;background_privacy_mode&quot;:&quot;yes&quot;}\">\n\t\t\t\t\t\t\t\t<div class=\"elementor-background-video-container\">\n\t\t\t\t\t\t\t\t\t\t\t\t\t<div class=\"elementor-background-video-embed\"><\/div>\n\t\t\t\t\t\t\t\t\t\t\t\t<\/div>\n\t\t\t\t\t\t\t\t<div class=\"elementor-container elementor-column-gap-no\">\n\t\t\t\t\t<div class=\"elementor-column elementor-col-100 elementor-top-column elementor-element elementor-element-55acbe7\" data-id=\"55acbe7\" data-element_type=\"column\">\n\t\t\t<div class=\"elementor-widget-wrap elementor-element-populated\">\n\t\t\t\t\t\t<div class=\"elementor-element elementor-element-9d1a100 elementor-widget elementor-widget-ms_text_ticker\" data-id=\"9d1a100\" data-element_type=\"widget\" data-widget_type=\"ms_text_ticker.default\">\n\t\t\t\t<div class=\"elementor-widget-container\">\n\t\t\t\t\t        <div id=\"9d1a100\" class=\"ms-tt-wrap\" data-speed=\"900\" data-direction=\"rtl\" data-sh=\"on\">\r\n            <ul class=\"ms-tt\">\r\n\r\n                                <li class=\"ms-tt__text\">  \nIncubadora de Proxectos <span>\u2022<\/span> Escola <span>\u2022<\/span>&nbsp;<\/li>\r\n                                    <li class=\"ms-tt__text\">  \nIncubadora de Proxectos <span>\u2022<\/span> Escola <span>\u2022<\/span>&nbsp;<\/li>\r\n                                    <li class=\"ms-tt__text\">  \nIncubadora de Proxectos <span>\u2022<\/span> Escola <span>\u2022<\/span>&nbsp;<\/li>\r\n                                    <li class=\"ms-tt__text\">  \nIncubadora de Proxectos <span>\u2022<\/span> Escola <span>\u2022<\/span>&nbsp;<\/li>\r\n                                    <li class=\"ms-tt__text\">  \nIncubadora de Proxectos <span>\u2022<\/span> Escola <span>\u2022<\/span>&nbsp;<\/li>\r\n                                    <li class=\"ms-tt__text\">  \nIncubadora de Proxectos <span>\u2022<\/span> Escola <span>\u2022<\/span>&nbsp;<\/li>\r\n                                    <li class=\"ms-tt__text\">  \nIncubadora de Proxectos <span>\u2022<\/span> Escola <span>\u2022<\/span>&nbsp;<\/li>\r\n                                    <li class=\"ms-tt__text\">  \nIncubadora de Proxectos <span>\u2022<\/span> Escola <span>\u2022<\/span>&nbsp;<\/li>\r\n                    \r\n            <\/ul>\r\n        <\/div>\r\n        \t\t\t\t<\/div>\n\t\t\t\t<\/div>\n\t\t\t\t\t<\/div>\n\t\t<\/div>\n\t\t\t\t\t<\/div>\n\t\t<\/section>\n\t\t\t\t<section class=\"elementor-section elementor-top-section elementor-element elementor-element-a341ae8 elementor-section-full_width elementor-section-height-default elementor-section-height-default\" data-id=\"a341ae8\" data-element_type=\"section\" data-settings=\"{&quot;background_background&quot;:&quot;classic&quot;}\">\n\t\t\t\t\t\t<div class=\"elementor-container elementor-column-gap-extended\">\n\t\t\t\t\t<div class=\"elementor-column elementor-col-100 elementor-top-column elementor-element elementor-element-290a3c1\" data-id=\"290a3c1\" data-element_type=\"column\">\n\t\t\t<div class=\"elementor-widget-wrap elementor-element-populated\">\n\t\t\t\t\t\t<div class=\"elementor-element elementor-element-f795630 elementor-widget elementor-widget-spacer\" data-id=\"f795630\" data-element_type=\"widget\" data-widget_type=\"spacer.default\">\n\t\t\t\t<div class=\"elementor-widget-container\">\n\t\t\t\t\t\t\t<div class=\"elementor-spacer\">\n\t\t\t<div class=\"elementor-spacer-inner\"><\/div>\n\t\t<\/div>\n\t\t\t\t\t\t<\/div>\n\t\t\t\t<\/div>\n\t\t\t\t<div class=\"elementor-element elementor-element-9edd474 elementor-widget elementor-widget-heading\" data-id=\"9edd474\" data-element_type=\"widget\" data-widget_type=\"heading.default\">\n\t\t\t\t<div class=\"elementor-widget-container\">\n\t\t\t\t\t<h2 class=\"elementor-heading-title elementor-size-default\">  \nEmpoderando \u00e1 mocidade, incubando as ideas que transformar\u00e1n Europa<\/h2>\t\t\t\t<\/div>\n\t\t\t\t<\/div>\n\t\t\t\t<section class=\"elementor-section elementor-inner-section elementor-element elementor-element-19fae26 elementor-section-boxed elementor-section-height-default elementor-section-height-default\" data-id=\"19fae26\" data-element_type=\"section\">\n\t\t\t\t\t\t<div class=\"elementor-container elementor-column-gap-default\">\n\t\t\t\t\t<div class=\"elementor-column elementor-col-50 elementor-inner-column elementor-element elementor-element-cb6d53c\" data-id=\"cb6d53c\" data-element_type=\"column\">\n\t\t\t<div class=\"elementor-widget-wrap elementor-element-populated\">\n\t\t\t\t\t\t<div class=\"elementor-element elementor-element-af524e7 elementor-widget elementor-widget-image\" data-id=\"af524e7\" data-element_type=\"widget\" data-widget_type=\"image.default\">\n\t\t\t\t<div class=\"elementor-widget-container\">\n\t\t\t\t\t\t\t\t\t\t\t\t\t\t\t<img fetchpriority=\"high\" decoding=\"async\" width=\"1024\" height=\"768\" src=\"https:\/\/www.lugopenfactory.com\/wp-content\/uploads\/2025\/03\/Imagen-de-WhatsApp-2025-03-30-a-las-15.22.14_65413b64-e1743341158473-1024x768.jpg\" class=\"attachment-most-portfolio-nav-thumb size-most-portfolio-nav-thumb wp-image-7893\" alt=\"\" srcset=\"https:\/\/www.lugopenfactory.com\/wp-content\/uploads\/2025\/03\/Imagen-de-WhatsApp-2025-03-30-a-las-15.22.14_65413b64-e1743341158473-1024x768.jpg 1024w, https:\/\/www.lugopenfactory.com\/wp-content\/uploads\/2025\/03\/Imagen-de-WhatsApp-2025-03-30-a-las-15.22.14_65413b64-e1743341158473-300x225.jpg 300w, https:\/\/www.lugopenfactory.com\/wp-content\/uploads\/2025\/03\/Imagen-de-WhatsApp-2025-03-30-a-las-15.22.14_65413b64-e1743341158473-768x575.jpg 768w, https:\/\/www.lugopenfactory.com\/wp-content\/uploads\/2025\/03\/Imagen-de-WhatsApp-2025-03-30-a-las-15.22.14_65413b64-e1743341158473-358x268.jpg 358w, https:\/\/www.lugopenfactory.com\/wp-content\/uploads\/2025\/03\/Imagen-de-WhatsApp-2025-03-30-a-las-15.22.14_65413b64-e1743341158473-1120x839.jpg 1120w, https:\/\/www.lugopenfactory.com\/wp-content\/uploads\/2025\/03\/Imagen-de-WhatsApp-2025-03-30-a-las-15.22.14_65413b64-e1743341158473-700x524.jpg 700w, https:\/\/www.lugopenfactory.com\/wp-content\/uploads\/2025\/03\/Imagen-de-WhatsApp-2025-03-30-a-las-15.22.14_65413b64-e1743341158473.jpg 1536w\" sizes=\"(max-width: 1024px) 100vw, 1024px\" \/>\t\t\t\t\t\t\t\t\t\t\t\t\t\t\t<\/div>\n\t\t\t\t<\/div>\n\t\t\t\t\t<\/div>\n\t\t<\/div>\n\t\t\t\t<div class=\"elementor-column elementor-col-50 elementor-inner-column elementor-element elementor-element-3a69dee\" data-id=\"3a69dee\" data-element_type=\"column\">\n\t\t\t<div class=\"elementor-widget-wrap elementor-element-populated\">\n\t\t\t\t\t\t<div class=\"elementor-element elementor-element-463e7d7 elementor-widget elementor-widget-spacer\" data-id=\"463e7d7\" data-element_type=\"widget\" data-widget_type=\"spacer.default\">\n\t\t\t\t<div class=\"elementor-widget-container\">\n\t\t\t\t\t\t\t<div class=\"elementor-spacer\">\n\t\t\t<div class=\"elementor-spacer-inner\"><\/div>\n\t\t<\/div>\n\t\t\t\t\t\t<\/div>\n\t\t\t\t<\/div>\n\t\t\t\t<div class=\"elementor-element elementor-element-432b584 elementor-widget elementor-widget-text-editor\" data-id=\"432b584\" data-element_type=\"widget\" data-widget_type=\"text-editor.default\">\n\t\t\t\t<div class=\"elementor-widget-container\">\n\t\t\t\t\t\t\t\t\t  \n<p>O noso Hub est\u00e1 formado por dous espazos de aprendizaxe: a incubadora de ideas e proxectos e a escola de educaci\u00f3n non formal no tempo libre educativo xuvenil.<\/p>  \n<p><\/p>  \n<p>Ambas son <strong>un espazo vivo de aprendizaxe, creatividade e acci\u00f3n<\/strong>, onde a mocidade se converte na protagonista do cambio, transformando ideas en proxectos con impacto real no territorio.<\/p>  \n<p><\/p>  \n<p>Funcionan como <strong>un laboratorio de innovaci\u00f3n social e educativa e emprendemento sostible<\/strong>, no que a educaci\u00f3n non formal se converte nun motor de transformaci\u00f3n persoal e comunitaria.<\/p>  \n<p><\/p>  \n<p>A trav\u00e9s dun <strong>itinerario formativo innovador e participativo<\/strong>, acompa\u00f1amos \u00e1s persoas mozas dende a xestaci\u00f3n das s\u00faas ideas ata a creaci\u00f3n de prototipos e a s\u00faa posible evoluci\u00f3n cara a iniciativas emprendedoras ou sociais viables e sostibles.<\/p>\t\t\t\t\t\t\t\t<\/div>\n\t\t\t\t<\/div>\n\t\t\t\t\t<\/div>\n\t\t<\/div>\n\t\t\t\t\t<\/div>\n\t\t<\/section>\n\t\t\t\t<div class=\"elementor-element elementor-element-4915a66 elementor-widget elementor-widget-spacer\" data-id=\"4915a66\" data-element_type=\"widget\" data-widget_type=\"spacer.default\">\n\t\t\t\t<div class=\"elementor-widget-container\">\n\t\t\t\t\t\t\t<div class=\"elementor-spacer\">\n\t\t\t<div class=\"elementor-spacer-inner\"><\/div>\n\t\t<\/div>\n\t\t\t\t\t\t<\/div>\n\t\t\t\t<\/div>\n\t\t\t\t<div class=\"elementor-element elementor-element-0e73803 elementor-widget elementor-widget-heading\" data-id=\"0e73803\" data-element_type=\"widget\" data-widget_type=\"heading.default\">\n\t\t\t\t<div class=\"elementor-widget-container\">\n\t\t\t\t\t<h2 class=\"elementor-heading-title elementor-size-default\">  \nSementando ideas novas, cultivando o futuro europeo...<\/h2>\t\t\t\t<\/div>\n\t\t\t\t<\/div>\n\t\t\t\t\t<\/div>\n\t\t<\/div>\n\t\t\t\t\t<\/div>\n\t\t<\/section>\n\t\t\t\t<section class=\"elementor-section elementor-top-section elementor-element elementor-element-3dae0dd elementor-section-full_width elementor-section-height-default elementor-section-height-default\" data-id=\"3dae0dd\" data-element_type=\"section\">\n\t\t\t\t\t\t<div class=\"elementor-container elementor-column-gap-no\">\n\t\t\t\t\t<div class=\"elementor-column elementor-col-100 elementor-top-column elementor-element elementor-element-b7119db\" data-id=\"b7119db\" data-element_type=\"column\">\n\t\t\t<div class=\"elementor-widget-wrap elementor-element-populated\">\n\t\t\t\t\t\t<div class=\"elementor-element elementor-element-1f77207 elementor-widget elementor-widget-ms-hero\" data-id=\"1f77207\" data-element_type=\"widget\" data-widget_type=\"ms-hero.default\">\n\t\t\t\t<div class=\"elementor-widget-container\">\n\t\t\t\t\t\r\n        <section class=\"ms-hero\" id=\"1f77207\">\r\n\r\n            \r\n                            <div class=\"ms-parallax\" data-speed=\"0.7\" data-type=\"scroll\">\r\n                                            <img decoding=\"async\" class=\"jarallax-img\" src=\"http:\/\/www.lugopenfactory.com\/wp-content\/uploads\/2025\/03\/Imagen-de-WhatsApp-2025-03-30-a-las-15.20.28_3b531c4c.jpg\" alt=\"\">\r\n                                                        <\/div>\r\n            \r\n            \r\n                \r\n                \r\n            \r\n        <\/section>\r\n\r\n    \t\t\t\t<\/div>\n\t\t\t\t<\/div>\n\t\t\t\t\t<\/div>\n\t\t<\/div>\n\t\t\t\t\t<\/div>\n\t\t<\/section>\n\t\t\t\t<section class=\"elementor-section elementor-top-section elementor-element elementor-element-0625ac8 elementor-section-boxed elementor-section-height-default elementor-section-height-default\" data-id=\"0625ac8\" data-element_type=\"section\">\n\t\t\t\t\t\t<div class=\"elementor-container elementor-column-gap-extended\">\n\t\t\t\t\t<div class=\"elementor-column elementor-col-100 elementor-top-column elementor-element elementor-element-ce2a2f4\" data-id=\"ce2a2f4\" data-element_type=\"column\">\n\t\t\t<div class=\"elementor-widget-wrap elementor-element-populated\">\n\t\t\t\t\t\t<div class=\"elementor-element elementor-element-896b43d elementor-widget elementor-widget-spacer\" data-id=\"896b43d\" data-element_type=\"widget\" data-widget_type=\"spacer.default\">\n\t\t\t\t<div class=\"elementor-widget-container\">\n\t\t\t\t\t\t\t<div class=\"elementor-spacer\">\n\t\t\t<div class=\"elementor-spacer-inner\"><\/div>\n\t\t<\/div>\n\t\t\t\t\t\t<\/div>\n\t\t\t\t<\/div>\n\t\t\t\t<section class=\"elementor-section elementor-inner-section elementor-element elementor-element-38d8c51 elementor-section-full_width elementor-section-height-default elementor-section-height-default\" data-id=\"38d8c51\" data-element_type=\"section\">\n\t\t\t\t\t\t<div class=\"elementor-container elementor-column-gap-default\">\n\t\t\t\t\t<div class=\"elementor-column elementor-col-50 elementor-inner-column elementor-element elementor-element-457febf\" data-id=\"457febf\" data-element_type=\"column\">\n\t\t\t<div class=\"elementor-widget-wrap elementor-element-populated\">\n\t\t\t\t\t\t<div class=\"elementor-element elementor-element-96335e4 elementor-widget elementor-widget-heading\" data-id=\"96335e4\" data-element_type=\"widget\" data-widget_type=\"heading.default\">\n\t\t\t\t<div class=\"elementor-widget-container\">\n\t\t\t\t\t<h2 class=\"elementor-heading-title elementor-size-default\">Misi\u00f3n<\/h2>\t\t\t\t<\/div>\n\t\t\t\t<\/div>\n\t\t\t\t\t<\/div>\n\t\t<\/div>\n\t\t\t\t<div class=\"elementor-column elementor-col-50 elementor-inner-column elementor-element elementor-element-e20e92b\" data-id=\"e20e92b\" data-element_type=\"column\">\n\t\t\t<div class=\"elementor-widget-wrap elementor-element-populated\">\n\t\t\t\t\t\t<div class=\"elementor-element elementor-element-629c560 elementor-widget elementor-widget-heading\" data-id=\"629c560\" data-element_type=\"widget\" data-widget_type=\"heading.default\">\n\t\t\t\t<div class=\"elementor-widget-container\">\n\t\t\t\t\t<h2 class=\"elementor-heading-title elementor-size-default\">  \nA nosa misi\u00f3n \u00e9 empoderar \u00e1 xuventude e \u00e1 comunidade a trav\u00e9s da educaci\u00f3n non formal e a creatividade, xerando espazos de aprendizaxe libre, colaboraci\u00f3n e innovaci\u00f3n social. Promovemos o emprendemento con impacto, a participaci\u00f3n activa e o desenvolvemento de competencias para transformar os territorios desde as s\u00faas ra\u00edces.<\/h2>\t\t\t\t<\/div>\n\t\t\t\t<\/div>\n\t\t\t\t\t<\/div>\n\t\t<\/div>\n\t\t\t\t\t<\/div>\n\t\t<\/section>\n\t\t\t\t<section class=\"elementor-section elementor-inner-section elementor-element elementor-element-0fc1b12 elementor-section-full_width elementor-section-height-default elementor-section-height-default\" data-id=\"0fc1b12\" data-element_type=\"section\">\n\t\t\t\t\t\t<div class=\"elementor-container elementor-column-gap-default\">\n\t\t\t\t\t<div class=\"elementor-column elementor-col-50 elementor-inner-column elementor-element elementor-element-f7004aa\" data-id=\"f7004aa\" data-element_type=\"column\">\n\t\t\t<div class=\"elementor-widget-wrap elementor-element-populated\">\n\t\t\t\t\t\t<div class=\"elementor-element elementor-element-f306423 elementor-widget elementor-widget-heading\" data-id=\"f306423\" data-element_type=\"widget\" data-widget_type=\"heading.default\">\n\t\t\t\t<div class=\"elementor-widget-container\">\n\t\t\t\t\t<h2 class=\"elementor-heading-title elementor-size-default\">  \nA nosa misi\u00f3n \u00e9 <strong>activar o potencial da xuventude e das comunidades rurais<\/strong> mediante a <strong>educaci\u00f3n non formal, a innovaci\u00f3n e o emprendemento con impacto<\/strong>, creando espazos de aprendizaxe e cocraci\u00f3n onde as ideas medran, se conectan e transforman o territorio. Apostamos por unha <strong>sociedade m\u00e1is xusta, inclusiva e sostible<\/strong>, onde ningu\u00e9n quede atr\u00e1s e cada persoa te\u00f1a a oportunidade de contribu\u00edr ao seu futuro e ao do seu entorno.<\/h2>\t\t\t\t<\/div>\n\t\t\t\t<\/div>\n\t\t\t\t\t<\/div>\n\t\t<\/div>\n\t\t\t\t<div class=\"elementor-column elementor-col-50 elementor-inner-column elementor-element elementor-element-09da0a3\" data-id=\"09da0a3\" data-element_type=\"column\">\n\t\t\t<div class=\"elementor-widget-wrap elementor-element-populated\">\n\t\t\t\t\t\t<div class=\"elementor-element elementor-element-e60dc83 elementor-widget elementor-widget-heading\" data-id=\"e60dc83\" data-element_type=\"widget\" data-widget_type=\"heading.default\">\n\t\t\t\t<div class=\"elementor-widget-container\">\n\t\t\t\t\t<h2 class=\"elementor-heading-title elementor-size-default\">Visi\u00f3n<\/h2>\t\t\t\t<\/div>\n\t\t\t\t<\/div>\n\t\t\t\t\t<\/div>\n\t\t<\/div>\n\t\t\t\t\t<\/div>\n\t\t<\/section>\n\t\t\t\t<div class=\"elementor-element elementor-element-003cd33 elementor-widget-divider--view-line elementor-widget elementor-widget-divider\" data-id=\"003cd33\" data-element_type=\"widget\" data-widget_type=\"divider.default\">\n\t\t\t\t<div class=\"elementor-widget-container\">\n\t\t\t\t\t\t\t<div class=\"elementor-divider\">\n\t\t\t<span class=\"elementor-divider-separator\">\n\t\t\t\t\t\t<\/span>\n\t\t<\/div>\n\t\t\t\t\t\t<\/div>\n\t\t\t\t<\/div>\n\t\t\t\t<div class=\"elementor-element elementor-element-fc83086 elementor-widget elementor-widget-heading\" data-id=\"fc83086\" data-element_type=\"widget\" data-widget_type=\"heading.default\">\n\t\t\t\t<div class=\"elementor-widget-container\">\n\t\t\t\t\t<h2 class=\"elementor-heading-title elementor-size-default\">  \nFormarse con paix\u00f3n, crecer con acci\u00f3n<\/h2>\t\t\t\t<\/div>\n\t\t\t\t<\/div>\n\t\t\t\t<div class=\"elementor-element elementor-element-b68c455 elementor-widget elementor-widget-ms-button\" data-id=\"b68c455\" data-element_type=\"widget\" data-widget_type=\"ms-button.default\">\n\t\t\t\t<div class=\"elementor-widget-container\">\n\t\t\t\t\t\r\n\r\n\t\t<a class=\"btn btn-default btn--md btn--primary\" role=\"button\" href=\"https:\/\/www.lugopenfactory.com\/our-projects\/\">\r\n\r\n\t\t\t\r\n\t\t\t<div class=\"ms-btn__text\">Mostrar m\u00e1is<\/div>\r\n\r\n\r\n\t\t\t\r\n\t\t<\/a>\r\n\r\n\t\t\t\t\t\t<\/div>\n\t\t\t\t<\/div>\n\t\t\t\t<div class=\"elementor-element elementor-element-1dbac4f elementor-widget elementor-widget-spacer\" data-id=\"1dbac4f\" data-element_type=\"widget\" data-widget_type=\"spacer.default\">\n\t\t\t\t<div class=\"elementor-widget-container\">\n\t\t\t\t\t\t\t<div class=\"elementor-spacer\">\n\t\t\t<div class=\"elementor-spacer-inner\"><\/div>\n\t\t<\/div>\n\t\t\t\t\t\t<\/div>\n\t\t\t\t<\/div>\n\t\t\t\t\t<\/div>\n\t\t<\/div>\n\t\t\t\t\t<\/div>\n\t\t<\/section>\n\t\t\t\t<section class=\"elementor-section elementor-top-section elementor-element elementor-element-500fba3 elementor-section-boxed elementor-section-height-default elementor-section-height-default\" data-id=\"500fba3\" data-element_type=\"section\">\n\t\t\t\t\t\t<div class=\"elementor-container elementor-column-gap-default\">\n\t\t\t\t\t<div class=\"elementor-column elementor-col-100 elementor-top-column elementor-element elementor-element-b701a5b\" data-id=\"b701a5b\" data-element_type=\"column\">\n\t\t\t<div class=\"elementor-widget-wrap elementor-element-populated\">\n\t\t\t\t\t\t<div class=\"elementor-element elementor-element-d20e7b4 elementor-widget elementor-widget-slider_revolution\" data-id=\"d20e7b4\" data-element_type=\"widget\" data-widget_type=\"slider_revolution.default\">\n\t\t\t\t<div class=\"elementor-widget-container\">\n\t\t\t\t\t\t\t<script>window.parent.elementorSelectRevSlider();<\/script>\n\t\t\n\t\t<div class=\"wp-block-themepunch-revslider\"><\/div>\n\n\t\t\t\t\t\t<\/div>\n\t\t\t\t<\/div>\n\t\t\t\t\t<\/div>\n\t\t<\/div>\n\t\t\t\t\t<\/div>\n\t\t<\/section>\n\t\t\t\t<\/div>\n\t\t","protected":false},"excerpt":{"rendered":"<p>Incubadora de Proxectos \u2022 Escola \u2022&nbsp; Incubadora de Proxectos \u2022 Escola \u2022&nbsp; Incubadora de Proxectos \u2022 Escola \u2022&nbsp; Incubadora de Proxectos \u2022 Escola \u2022&nbsp; [&hellip;]<\/p>\n","protected":false},"author":2,"featured_media":0,"parent":0,"menu_order":0,"comment_status":"closed","ping_status":"closed","template":"page-custom.php","meta":{"om_disable_all_campaigns":false,"_monsterinsights_skip_tracking":false,"_monsterinsights_sitenote_active":false,"_monsterinsights_sitenote_note":"","_monsterinsights_sitenote_category":0,"footnotes":""},"class_list":["post-7891","page","type-page","status-publish","hentry"],"aioseo_notices":[],"jetpack_sharing_enabled":true,"_links":{"self":[{"href":"https:\/\/www.lugopenfactory.com\/gl\/wp-json\/wp\/v2\/pages\/7891","targetHints":{"allow":["GET"]}}],"collection":[{"href":"https:\/\/www.lugopenfactory.com\/gl\/wp-json\/wp\/v2\/pages"}],"about":[{"href":"https:\/\/www.lugopenfactory.com\/gl\/wp-json\/wp\/v2\/types\/page"}],"author":[{"embeddable":true,"href":"https:\/\/www.lugopenfactory.com\/gl\/wp-json\/wp\/v2\/users\/2"}],"replies":[{"embeddable":true,"href":"https:\/\/www.lugopenfactory.com\/gl\/wp-json\/wp\/v2\/comments?post=7891"}],"version-history":[{"count":16,"href":"https:\/\/www.lugopenfactory.com\/gl\/wp-json\/wp\/v2\/pages\/7891\/revisions"}],"predecessor-version":[{"id":8094,"href":"https:\/\/www.lugopenfactory.com\/gl\/wp-json\/wp\/v2\/pages\/7891\/revisions\/8094"}],"wp:attachment":[{"href":"https:\/\/www.lugopenfactory.com\/gl\/wp-json\/wp\/v2\/media?parent=7891"}],"curies":[{"name":"wp","href":"https:\/\/api.w.org\/{rel}","templated":true}]}}