{"id":782,"date":"2022-10-07T13:37:18","date_gmt":"2022-10-07T13:37:18","guid":{"rendered":"https:\/\/theme.madsparrow.me\/most\/?page_id=782"},"modified":"2025-04-01T14:54:58","modified_gmt":"2025-04-01T14:54:58","slug":"entrada-slider","status":"publish","type":"page","link":"https:\/\/www.lugopenfactory.com\/gl\/","title":{"rendered":"Entrada Slider"},"content":{"rendered":"\t\t<div data-elementor-type=\"wp-page\" data-elementor-id=\"782\" class=\"elementor elementor-782\">\n\t\t\t\t\t\t<section class=\"elementor-section elementor-top-section elementor-element elementor-element-413590e elementor-section-full_width elementor-section-height-full elementor-section-height-default elementor-section-items-middle\" data-id=\"413590e\" data-element_type=\"section\">\n\t\t\t\t\t\t<div class=\"elementor-container elementor-column-gap-no\">\n\t\t\t\t\t<div class=\"elementor-column elementor-col-100 elementor-top-column elementor-element elementor-element-1cc38ab\" data-id=\"1cc38ab\" data-element_type=\"column\">\n\t\t\t<div class=\"elementor-widget-wrap elementor-element-populated\">\n\t\t\t\t\t\t<div class=\"elementor-element elementor-element-dc20e9d elementor-widget elementor-widget-ms_slider_fs\" data-id=\"dc20e9d\" data-element_type=\"widget\" data-widget_type=\"ms_slider_fs.default\">\n\t\t\t\t<div class=\"elementor-widget-container\">\n\t\t\t\t\t\r\n        <div class=\"ms-swiper-content\">\r\n            <div class=\"ms-slider\" data-nav=\"bottom\" data-autoplay=\"\" data-centered=\"off\" data-mousewheel=\"on\" data-simulatetouch=\"on\" data-grabcursor=\"on\" data-effect=\"slide\" data-direction=\"horizontal\" data-loop=\"\" data-spv=\"1\" data-spv-t=\"1\" data-spv-m=\"1\" data-space=\"0\" data-space-t=\"0\" data-space-m=\"0\" data-speed=\"1000\">\r\n                <div class=\"swiper-wrapper\">\r\n                                                                    <div class=\"swiper-slide\">\r\n                                                    <div class=\"slide-inner\" data-swiper-parallax=\"70%\">\r\n                            \r\n                                                                    <div class=\"ms-slider--img\">\r\n                                        <img fetchpriority=\"high\" decoding=\"async\" width=\"2048\" height=\"1129\" src=\"https:\/\/www.lugopenfactory.com\/wp-content\/uploads\/2024\/10\/453176654_365479383247057_6751832768987540585_n.jpg\" class=\"attachment-full size-full wp-image-5755\" alt=\"\" srcset=\"https:\/\/www.lugopenfactory.com\/wp-content\/uploads\/2024\/10\/453176654_365479383247057_6751832768987540585_n.jpg 2048w, https:\/\/www.lugopenfactory.com\/wp-content\/uploads\/2024\/10\/453176654_365479383247057_6751832768987540585_n-700x386.jpg 700w, https:\/\/www.lugopenfactory.com\/wp-content\/uploads\/2024\/10\/453176654_365479383247057_6751832768987540585_n-300x165.jpg 300w, https:\/\/www.lugopenfactory.com\/wp-content\/uploads\/2024\/10\/453176654_365479383247057_6751832768987540585_n-1024x565.jpg 1024w, https:\/\/www.lugopenfactory.com\/wp-content\/uploads\/2024\/10\/453176654_365479383247057_6751832768987540585_n-768x423.jpg 768w, https:\/\/www.lugopenfactory.com\/wp-content\/uploads\/2024\/10\/453176654_365479383247057_6751832768987540585_n-1536x847.jpg 1536w, https:\/\/www.lugopenfactory.com\/wp-content\/uploads\/2024\/10\/453176654_365479383247057_6751832768987540585_n-830x458.jpg 830w, https:\/\/www.lugopenfactory.com\/wp-content\/uploads\/2024\/10\/453176654_365479383247057_6751832768987540585_n-230x127.jpg 230w, https:\/\/www.lugopenfactory.com\/wp-content\/uploads\/2024\/10\/453176654_365479383247057_6751832768987540585_n-350x193.jpg 350w, https:\/\/www.lugopenfactory.com\/wp-content\/uploads\/2024\/10\/453176654_365479383247057_6751832768987540585_n-480x265.jpg 480w\" sizes=\"(max-width: 2048px) 100vw, 2048px\" \/>                                    <\/div>\r\n                                                                \r\n                                \r\n                                                                                                                                            <div class=\"ms-slider--cont\" data-swiper-parallax=\"-69%\">\r\n                                            <div class=\"ms-cont__inner\">\r\n\r\n                                                                                                    <h3 class=\"ms-sc--st\">A Nosa Misi\u00f3n<\/h3>\r\n                                                \r\n                                                                                                    <h1 class=\"ms-sc--t\">TECH<\/h1>\r\n                                                                                                \r\n                                                                                                    <p class=\"ms-sc--desc\">Fomentar o emprendemento xuvenil e a innovaci\u00f3n tecnol\u00f3xica, <br> promovendo a inclusi\u00f3n e o desenvolvemento<br>  social a trav\u00e9s da tecnolox\u00eda e da formaci\u00f3n.<\/p>\r\n                                                \r\n                                                                                                    <div class=\"btn-wrap\">\r\n                                                        <a class=\"btn btn-circle btn--md\" role=\"button\" href=\"https:\/\/www.lugopenfactory.com\/en\/home\">\r\n                                                            <div class=\"ms-btn--circle\">\r\n                                                                <div class=\"circle\">\r\n                                                                    <div class=\"circle-fill\"><\/div>\r\n                                                                    <svg viewBox=\"0 0 50 50\" xmlns=\"http:\/\/www.w3.org\/2000\/svg\" class=\"circle-outline\"><circle cx=\"25\" cy=\"25\" r=\"23\"><\/circle><\/svg>\r\n                                                                        <div class=\"circle-icon\">\r\n                                                                            <svg viewBox=\"0 0 12 10\" fill=\"none\" xmlns=\"http:\/\/www.w3.org\/2000\/svg\" class=\"icon-arrow\">\r\n                                                                                <path d=\"M0 5.65612V4.30388L8.41874 4.31842L5.05997 0.95965L5.99054 0L10.9923 4.97273L6.00508 9.96L5.07451 9.00035L8.43328 5.64158L0 5.65612Z\"><\/path>\r\n                                                                            <\/svg>\r\n                                                                        <\/div>\t\t\t\t\t\r\n                                                                    <\/div>\r\n                                                            <\/div>\r\n\r\n                                                            <div class=\"ms-btn--label\">\r\n                                                                <div class=\"ms-btn__text\">Ver M\u00e1is<\/div>\r\n                                                                <div class=\"ms-btn__border\"><\/div>\r\n                                                            <\/div>\r\n                                                        <\/a>\r\n                                                    <\/div>\r\n                                                                                            <\/div>\r\n                                        <\/div>\r\n                                                                                                <\/div>\r\n                        <\/div>\r\n                                                                    <div class=\"swiper-slide\">\r\n                                                    <div class=\"slide-inner\" data-swiper-parallax=\"70%\">\r\n                            \r\n                                                                    <div class=\"ms-slider--img\">\r\n                                        <img decoding=\"async\" width=\"2560\" height=\"1707\" src=\"https:\/\/www.lugopenfactory.com\/wp-content\/uploads\/2024\/01\/pexels-mac-mullins-2534492-scaled.jpg\" class=\"attachment-full size-full wp-image-5214\" alt=\"\" srcset=\"https:\/\/www.lugopenfactory.com\/wp-content\/uploads\/2024\/01\/pexels-mac-mullins-2534492-scaled.jpg 2560w, https:\/\/www.lugopenfactory.com\/wp-content\/uploads\/2024\/01\/pexels-mac-mullins-2534492-scaled-700x467.jpg 700w, https:\/\/www.lugopenfactory.com\/wp-content\/uploads\/2024\/01\/pexels-mac-mullins-2534492-300x200.jpg 300w, https:\/\/www.lugopenfactory.com\/wp-content\/uploads\/2024\/01\/pexels-mac-mullins-2534492-1024x683.jpg 1024w, https:\/\/www.lugopenfactory.com\/wp-content\/uploads\/2024\/01\/pexels-mac-mullins-2534492-768x512.jpg 768w, https:\/\/www.lugopenfactory.com\/wp-content\/uploads\/2024\/01\/pexels-mac-mullins-2534492-1536x1024.jpg 1536w, https:\/\/www.lugopenfactory.com\/wp-content\/uploads\/2024\/01\/pexels-mac-mullins-2534492-2048x1365.jpg 2048w, https:\/\/www.lugopenfactory.com\/wp-content\/uploads\/2024\/01\/pexels-mac-mullins-2534492-830x553.jpg 830w, https:\/\/www.lugopenfactory.com\/wp-content\/uploads\/2024\/01\/pexels-mac-mullins-2534492-230x153.jpg 230w, https:\/\/www.lugopenfactory.com\/wp-content\/uploads\/2024\/01\/pexels-mac-mullins-2534492-350x233.jpg 350w, https:\/\/www.lugopenfactory.com\/wp-content\/uploads\/2024\/01\/pexels-mac-mullins-2534492-480x320.jpg 480w, https:\/\/www.lugopenfactory.com\/wp-content\/uploads\/2024\/01\/pexels-mac-mullins-2534492-272x182.jpg 272w\" sizes=\"(max-width: 2560px) 100vw, 2560px\" \/>                                    <\/div>\r\n                                                                \r\n                                \r\n                                                                                                                                            <div class=\"ms-slider--cont\" data-swiper-parallax=\"-69%\">\r\n                                            <div class=\"ms-cont__inner\">\r\n\r\n                                                                                                    <h3 class=\"ms-sc--st\">A NOSA VISI\u00d3N<\/h3>\r\n                                                \r\n                                                                                                    <h1 class=\"ms-sc--t\">INNO<\/h1>\r\n                                                                                                \r\n                                                                                                    <p class=\"ms-sc--desc\">Ser unha forza l\u00edder en impulsar o talento<br> novo e a transformaci\u00f3n dixital nas comunidades, creando oportunidades<br> sostibles para o desenvolvemento e a innovaci\u00f3n.<\/p>\r\n                                                \r\n                                                                                                    <div class=\"btn-wrap\">\r\n                                                        <a class=\"btn btn-circle btn--md\" role=\"button\" href=\"https:\/\/www.lugopenfactory.com\/en\/home\">\r\n                                                            <div class=\"ms-btn--circle\">\r\n                                                                <div class=\"circle\">\r\n                                                                    <div class=\"circle-fill\"><\/div>\r\n                                                                    <svg viewBox=\"0 0 50 50\" xmlns=\"http:\/\/www.w3.org\/2000\/svg\" class=\"circle-outline\"><circle cx=\"25\" cy=\"25\" r=\"23\"><\/circle><\/svg>\r\n                                                                        <div class=\"circle-icon\">\r\n                                                                            <svg viewBox=\"0 0 12 10\" fill=\"none\" xmlns=\"http:\/\/www.w3.org\/2000\/svg\" class=\"icon-arrow\">\r\n                                                                                <path d=\"M0 5.65612V4.30388L8.41874 4.31842L5.05997 0.95965L5.99054 0L10.9923 4.97273L6.00508 9.96L5.07451 9.00035L8.43328 5.64158L0 5.65612Z\"><\/path>\r\n                                                                            <\/svg>\r\n                                                                        <\/div>\t\t\t\t\t\r\n                                                                    <\/div>\r\n                                                            <\/div>\r\n\r\n                                                            <div class=\"ms-btn--label\">\r\n                                                                <div class=\"ms-btn__text\">Ver M\u00e1is<\/div>\r\n                                                                <div class=\"ms-btn__border\"><\/div>\r\n                                                            <\/div>\r\n                                                        <\/a>\r\n                                                    <\/div>\r\n                                                                                            <\/div>\r\n                                        <\/div>\r\n                                                                                                <\/div>\r\n                        <\/div>\r\n                                                                    <div class=\"swiper-slide\">\r\n                                                    <div class=\"slide-inner\" data-swiper-parallax=\"70%\">\r\n                            \r\n                                                                \r\n                                                                    <div class=\"ms-slider--video\">\r\n\r\n                                                                                    <div data-vbg-mobile=\"true\" data-vbg-start-at=\"11\" data-vbg-end-at=\"21\" data-vbg=\"https:\/\/www.youtube.com\/watch?v=mNLOX4swLDo\"><\/div>\r\n                                        \r\n                                        \r\n                                        \r\n                                    <\/div>\r\n                                \r\n                                                                                                                                            <div class=\"ms-slider--cont\" data-swiper-parallax=\"-69%\">\r\n                                            <div class=\"ms-cont__inner\">\r\n\r\n                                                                                                    <h3 class=\"ms-sc--st\">O Noso Obxectivo<\/h3>\r\n                                                \r\n                                                                                                    <h1 class=\"ms-sc--t\">DESIGN<\/h1>\r\n                                                                                                \r\n                                                                                                    <p class=\"ms-sc--desc\">C\u00e9ntrase en crear soluci\u00f3ns innovadoras e funcionais <br> \nque impulsen a creatividade e o emprendemento  <br>\na trav\u00e9s da tecnolox\u00eda.<\/p>\r\n                                                \r\n                                                                                                    <div class=\"btn-wrap\">\r\n                                                        <a class=\"btn btn-circle btn--md\" role=\"button\" href=\"https:\/\/www.lugopenfactory.com\/en\/home\">\r\n                                                            <div class=\"ms-btn--circle\">\r\n                                                                <div class=\"circle\">\r\n                                                                    <div class=\"circle-fill\"><\/div>\r\n                                                                    <svg viewBox=\"0 0 50 50\" xmlns=\"http:\/\/www.w3.org\/2000\/svg\" class=\"circle-outline\"><circle cx=\"25\" cy=\"25\" r=\"23\"><\/circle><\/svg>\r\n                                                                        <div class=\"circle-icon\">\r\n                                                                            <svg viewBox=\"0 0 12 10\" fill=\"none\" xmlns=\"http:\/\/www.w3.org\/2000\/svg\" class=\"icon-arrow\">\r\n                                                                                <path d=\"M0 5.65612V4.30388L8.41874 4.31842L5.05997 0.95965L5.99054 0L10.9923 4.97273L6.00508 9.96L5.07451 9.00035L8.43328 5.64158L0 5.65612Z\"><\/path>\r\n                                                                            <\/svg>\r\n                                                                        <\/div>\t\t\t\t\t\r\n                                                                    <\/div>\r\n                                                            <\/div>\r\n\r\n                                                            <div class=\"ms-btn--label\">\r\n                                                                <div class=\"ms-btn__text\">Ver M\u00e1is<\/div>\r\n                                                                <div class=\"ms-btn__border\"><\/div>\r\n                                                            <\/div>\r\n                                                        <\/a>\r\n                                                    <\/div>\r\n                                                                                            <\/div>\r\n                                        <\/div>\r\n                                                                                                <\/div>\r\n                        <\/div>\r\n                                    <\/div>\r\n                                    <div class=\"ms-slider--nav nav-size--lg\">\r\n                        <div class=\"ms-nav--next\">\r\n                            <svg class=\"i-arrow\" viewBox=\"0 0 17 12\">\r\n                                <path d=\"M1,6h14\"><\/path>\r\n                                <path d=\"M12,1l4,5\"><\/path>\r\n                                <path d=\"M12,11l4-5\"><\/path>\r\n                            <\/svg>\r\n                        <\/div>\r\n                        <div class=\"ms-nav--prev\">\r\n                            <svg class=\"i-arrow\" viewBox=\"0 0 17 12\">\r\n                                <path d=\"M1,6h14\"><\/path>\r\n                                <path d=\"M12,1l4,5\"><\/path>\r\n                                <path d=\"M12,11l4-5\"><\/path>\r\n                            <\/svg>\r\n                        <\/div>\r\n                    <\/div>\r\n                                                    <div class=\"ms-slider--progress center\">\r\n                        <div class=\"ms-slider--count\"><\/div>\r\n                        <div class=\"ms-slider--pagination swiper-pagination\"><\/div>\r\n                        <div class=\"ms-slider--count__total\"><\/div>\r\n                    <\/div>\r\n                            <\/div>\r\n        <\/div>\r\n\t\t\t\t\t\t<\/div>\n\t\t\t\t<\/div>\n\t\t\t\t\t<\/div>\n\t\t<\/div>\n\t\t\t\t\t<\/div>\n\t\t<\/section>\n\t\t\t\t<\/div>\n\t\t","protected":false},"excerpt":{"rendered":"<p>A Nosa Misi\u00f3n TECH Fomentar o emprendemento xuvenil e a innovaci\u00f3n tecnol\u00f3xica, promovendo a inclusi\u00f3n e o desenvolvemento social a trav\u00e9s da tecnolox\u00eda e [&hellip;]<\/p>\n","protected":false},"author":5,"featured_media":0,"parent":0,"menu_order":0,"comment_status":"closed","ping_status":"closed","template":"page-no-footer.php","meta":{"om_disable_all_campaigns":false,"_monsterinsights_skip_tracking":false,"_monsterinsights_sitenote_active":false,"_monsterinsights_sitenote_note":"","_monsterinsights_sitenote_category":0,"footnotes":""},"class_list":["post-782","page","type-page","status-publish","hentry"],"aioseo_notices":[],"jetpack_sharing_enabled":true,"_links":{"self":[{"href":"https:\/\/www.lugopenfactory.com\/gl\/wp-json\/wp\/v2\/pages\/782","targetHints":{"allow":["GET"]}}],"collection":[{"href":"https:\/\/www.lugopenfactory.com\/gl\/wp-json\/wp\/v2\/pages"}],"about":[{"href":"https:\/\/www.lugopenfactory.com\/gl\/wp-json\/wp\/v2\/types\/page"}],"author":[{"embeddable":true,"href":"https:\/\/www.lugopenfactory.com\/gl\/wp-json\/wp\/v2\/users\/5"}],"replies":[{"embeddable":true,"href":"https:\/\/www.lugopenfactory.com\/gl\/wp-json\/wp\/v2\/comments?post=782"}],"version-history":[{"count":95,"href":"https:\/\/www.lugopenfactory.com\/gl\/wp-json\/wp\/v2\/pages\/782\/revisions"}],"predecessor-version":[{"id":8038,"href":"https:\/\/www.lugopenfactory.com\/gl\/wp-json\/wp\/v2\/pages\/782\/revisions\/8038"}],"wp:attachment":[{"href":"https:\/\/www.lugopenfactory.com\/gl\/wp-json\/wp\/v2\/media?parent=782"}],"curies":[{"name":"wp","href":"https:\/\/api.w.org\/{rel}","templated":true}]}}