{"id":6489,"date":"2025-02-26T21:21:08","date_gmt":"2025-02-26T21:21:08","guid":{"rendered":"https:\/\/www.lugopenfactory.com\/?page_id=6489"},"modified":"2025-12-05T12:33:12","modified_gmt":"2025-12-05T12:33:12","slug":"team","status":"publish","type":"page","link":"https:\/\/www.lugopenfactory.com\/gl\/team\/","title":{"rendered":"Equipo"},"content":{"rendered":"\t\t<div data-elementor-type=\"wp-page\" data-elementor-id=\"6489\" class=\"elementor elementor-6489\">\n\t\t\t\t\t\t<section class=\"elementor-section elementor-top-section elementor-element elementor-element-8c5264c elementor-section-boxed elementor-section-height-default elementor-section-height-default\" data-id=\"8c5264c\" data-element_type=\"section\">\n\t\t\t\t\t\t<div class=\"elementor-container elementor-column-gap-default\">\n\t\t\t\t\t<div class=\"elementor-column elementor-col-33 elementor-top-column elementor-element elementor-element-7899482\" data-id=\"7899482\" data-element_type=\"column\">\n\t\t\t<div class=\"elementor-widget-wrap elementor-element-populated\">\n\t\t\t\t\t\t<div class=\"elementor-element elementor-element-306f198 elementor-widget elementor-widget-heading\" data-id=\"306f198\" data-element_type=\"widget\" data-widget_type=\"heading.default\">\n\t\t\t\t<div class=\"elementor-widget-container\">\n\t\t\t\t\t<h2 class=\"elementor-heading-title elementor-size-default\">  \nXunt\u00e1monos <br>para crear<\/h2>\t\t\t\t<\/div>\n\t\t\t\t<\/div>\n\t\t\t\t\t<\/div>\n\t\t<\/div>\n\t\t\t\t<div class=\"elementor-column elementor-col-66 elementor-top-column elementor-element elementor-element-2e2618a\" data-id=\"2e2618a\" data-element_type=\"column\">\n\t\t\t<div class=\"elementor-widget-wrap elementor-element-populated\">\n\t\t\t\t\t\t<div class=\"elementor-element elementor-element-edd3e24 elementor-widget elementor-widget-text-editor\" data-id=\"edd3e24\" data-element_type=\"widget\" data-widget_type=\"text-editor.default\">\n\t\t\t\t<div class=\"elementor-widget-container\">\n\t\t\t\t\t\t\t\t\t  \n<p>En <strong>Lug Open Factory<\/strong>, estamos orgullosos do noso equipo de expertos e profesionais, que impulsan a nosa misi\u00f3n coa innovaci\u00f3n, o emprendemento e a tecnolox\u00eda. Con m\u00e1is de 2.000 usuarios anuais, fomentamos unha forte rede de colaboradores e mentores que melloran os nosos proxectos e ampl\u00edan o noso impacto.<\/p>  \n<p>O noso equipo internacional aporta d\u00e9cadas de experiencia en tecnolox\u00eda, educaci\u00f3n e desenvolvemento rural, contribu\u00edndo a iniciativas europeas clave na transformaci\u00f3n dixital e a econom\u00eda azul. A s\u00faa experiencia col\u00f3canos \u00e1 vangarda da innovaci\u00f3n e a sustentabilidade.<\/p>\t\t\t\t\t\t\t\t<\/div>\n\t\t\t\t<\/div>\n\t\t\t\t\t<\/div>\n\t\t<\/div>\n\t\t\t\t\t<\/div>\n\t\t<\/section>\n\t\t\t\t<section class=\"elementor-section elementor-top-section elementor-element elementor-element-210ed05 elementor-section-boxed elementor-section-height-default elementor-section-height-default\" data-id=\"210ed05\" data-element_type=\"section\">\n\t\t\t\t\t\t<div class=\"elementor-container elementor-column-gap-no\">\n\t\t\t\t\t<div class=\"elementor-column elementor-col-100 elementor-top-column elementor-element elementor-element-b4e6865\" data-id=\"b4e6865\" data-element_type=\"column\">\n\t\t\t<div class=\"elementor-widget-wrap elementor-element-populated\">\n\t\t\t\t\t\t<section class=\"elementor-section elementor-inner-section elementor-element elementor-element-cb2ffab elementor-section-full_width elementor-section-height-default elementor-section-height-default\" data-id=\"cb2ffab\" data-element_type=\"section\">\n\t\t\t\t\t\t<div class=\"elementor-container elementor-column-gap-extended\">\n\t\t\t\t\t<div class=\"elementor-column elementor-col-33 elementor-inner-column elementor-element elementor-element-e0f82d3\" data-id=\"e0f82d3\" data-element_type=\"column\">\n\t\t\t<div class=\"elementor-widget-wrap elementor-element-populated\">\n\t\t\t\t\t\t<div class=\"elementor-element elementor-element-ad8f0e0 elementor-widget elementor-widget-team_member\" data-id=\"ad8f0e0\" data-element_type=\"widget\" data-widget_type=\"team_member.default\">\n\t\t\t\t<div class=\"elementor-widget-container\">\n\t\t\t\t\t\r\n        <div class=\"ms-tm style-2 left \">\r\n            <div class=\"ms-tm--box\">\r\n                <div class=\"ms-tm--img\">\r\n                    <img fetchpriority=\"high\" decoding=\"async\" width=\"800\" height=\"800\" src=\"https:\/\/www.lugopenfactory.com\/wp-content\/uploads\/2023\/04\/1645630275976.jpeg\" class=\"attachment-full size-full wp-image-4783\" alt=\"\" srcset=\"https:\/\/www.lugopenfactory.com\/wp-content\/uploads\/2023\/04\/1645630275976.jpeg 800w, https:\/\/www.lugopenfactory.com\/wp-content\/uploads\/2023\/04\/1645630275976-700x700.jpeg 700w, https:\/\/www.lugopenfactory.com\/wp-content\/uploads\/2023\/04\/1645630275976-150x150.jpeg 150w, https:\/\/www.lugopenfactory.com\/wp-content\/uploads\/2023\/04\/1645630275976-300x300.jpeg 300w, https:\/\/www.lugopenfactory.com\/wp-content\/uploads\/2023\/04\/1645630275976-768x768.jpeg 768w, https:\/\/www.lugopenfactory.com\/wp-content\/uploads\/2023\/04\/1645630275976-230x230.jpeg 230w, https:\/\/www.lugopenfactory.com\/wp-content\/uploads\/2023\/04\/1645630275976-350x350.jpeg 350w, https:\/\/www.lugopenfactory.com\/wp-content\/uploads\/2023\/04\/1645630275976-480x480.jpeg 480w\" sizes=\"(max-width: 800px) 100vw, 800px\" \/>                                <div class=\"ms-tm--socials\">\r\n                                                                                    <a class=\"ms-s-icon ms-s-icon--s2\" href=\"https:\/\/www.linkedin.com\/in\/iria-quintans-pazos\/\">\r\n                            <i aria-hidden=\"true\" class=\"fab fa-linkedin\"><\/i>                        <\/a>\r\n                                                <\/div>\r\n                        <\/div>\r\n                <div class=\"ms-tm--content\">\r\n\r\n                                            <h3 class=\"ms-tm--title\">Iria<\/h3>\r\n                    \r\n                                            <p class=\"ms-tm--function\">   Presidente<\/p>\r\n                    \r\n                    \r\n                <\/div>\r\n            <\/div>\r\n        <\/div>\r\n        \r\n    \t\t\t\t<\/div>\n\t\t\t\t<\/div>\n\t\t\t\t\t<\/div>\n\t\t<\/div>\n\t\t\t\t<div class=\"elementor-column elementor-col-33 elementor-inner-column elementor-element elementor-element-4861b09\" data-id=\"4861b09\" data-element_type=\"column\">\n\t\t\t<div class=\"elementor-widget-wrap elementor-element-populated\">\n\t\t\t\t\t\t<div class=\"elementor-element elementor-element-e28cdb9 elementor-widget elementor-widget-team_member\" data-id=\"e28cdb9\" data-element_type=\"widget\" data-widget_type=\"team_member.default\">\n\t\t\t\t<div class=\"elementor-widget-container\">\n\t\t\t\t\t\r\n        <div class=\"ms-tm style-2 left \">\r\n            <div class=\"ms-tm--box\">\r\n                <div class=\"ms-tm--img\">\r\n                    <img decoding=\"async\" width=\"500\" height=\"500\" src=\"https:\/\/www.lugopenfactory.com\/wp-content\/uploads\/2023\/04\/1517540826121.jpeg\" class=\"attachment-full size-full wp-image-4784\" alt=\"\" srcset=\"https:\/\/www.lugopenfactory.com\/wp-content\/uploads\/2023\/04\/1517540826121.jpeg 500w, https:\/\/www.lugopenfactory.com\/wp-content\/uploads\/2023\/04\/1517540826121-150x150.jpeg 150w, https:\/\/www.lugopenfactory.com\/wp-content\/uploads\/2023\/04\/1517540826121-300x300.jpeg 300w, https:\/\/www.lugopenfactory.com\/wp-content\/uploads\/2023\/04\/1517540826121-230x230.jpeg 230w, https:\/\/www.lugopenfactory.com\/wp-content\/uploads\/2023\/04\/1517540826121-350x350.jpeg 350w, https:\/\/www.lugopenfactory.com\/wp-content\/uploads\/2023\/04\/1517540826121-480x480.jpeg 480w\" sizes=\"(max-width: 500px) 100vw, 500px\" \/>                                <div class=\"ms-tm--socials\">\r\n                                                                                    <a class=\"ms-s-icon ms-s-icon--s2\" href=\"https:\/\/www.linkedin.com\/in\/xoseluisgarzasilvela\/\">\r\n                            <i aria-hidden=\"true\" class=\"fab fa-linkedin\"><\/i>                        <\/a>\r\n                                                <\/div>\r\n                        <\/div>\r\n                <div class=\"ms-tm--content\">\r\n\r\n                                            <h3 class=\"ms-tm--title\">Xos\u00e9<\/h3>\r\n                    \r\n                                            <p class=\"ms-tm--function\">   Coordenador de Proxectos<\/p>\r\n                    \r\n                    \r\n                <\/div>\r\n            <\/div>\r\n        <\/div>\r\n        \r\n    \t\t\t\t<\/div>\n\t\t\t\t<\/div>\n\t\t\t\t\t<\/div>\n\t\t<\/div>\n\t\t\t\t<div class=\"elementor-column elementor-col-33 elementor-inner-column elementor-element elementor-element-506a4b6\" data-id=\"506a4b6\" data-element_type=\"column\">\n\t\t\t<div class=\"elementor-widget-wrap elementor-element-populated\">\n\t\t\t\t\t\t<div class=\"elementor-element elementor-element-4329e57 elementor-widget elementor-widget-team_member\" data-id=\"4329e57\" data-element_type=\"widget\" data-widget_type=\"team_member.default\">\n\t\t\t\t<div class=\"elementor-widget-container\">\n\t\t\t\t\t\r\n        <div class=\"ms-tm style-2 left \">\r\n            <div class=\"ms-tm--box\">\r\n                <div class=\"ms-tm--img\">\r\n                    <img decoding=\"async\" width=\"768\" height=\"768\" src=\"https:\/\/www.lugopenfactory.com\/wp-content\/uploads\/2024\/01\/anton.png\" class=\"attachment-full size-full wp-image-5230\" alt=\"\" srcset=\"https:\/\/www.lugopenfactory.com\/wp-content\/uploads\/2024\/01\/anton.png 768w, https:\/\/www.lugopenfactory.com\/wp-content\/uploads\/2024\/01\/anton-700x700.png 700w, https:\/\/www.lugopenfactory.com\/wp-content\/uploads\/2024\/01\/anton-150x150.png 150w, https:\/\/www.lugopenfactory.com\/wp-content\/uploads\/2024\/01\/anton-300x300.png 300w, https:\/\/www.lugopenfactory.com\/wp-content\/uploads\/2024\/01\/anton-230x230.png 230w, https:\/\/www.lugopenfactory.com\/wp-content\/uploads\/2024\/01\/anton-350x350.png 350w, https:\/\/www.lugopenfactory.com\/wp-content\/uploads\/2024\/01\/anton-480x480.png 480w\" sizes=\"(max-width: 768px) 100vw, 768px\" \/>                                <div class=\"ms-tm--socials\">\r\n                                                                                    <a class=\"ms-s-icon ms-s-icon--s2\" href=\"https:\/\/www.linkedin.com\/in\/ant%C3%B3n-aldrey-barba-b43a468b\/\">\r\n                            <i aria-hidden=\"true\" class=\"fab fa-linkedin\"><\/i>                        <\/a>\r\n                                                <\/div>\r\n                        <\/div>\r\n                <div class=\"ms-tm--content\">\r\n\r\n                                            <h3 class=\"ms-tm--title\">Anton<\/h3>\r\n                    \r\n                                            <p class=\"ms-tm--function\">   Proxectos Europeos<\/p>\r\n                    \r\n                    \r\n                <\/div>\r\n            <\/div>\r\n        <\/div>\r\n        \r\n    \t\t\t\t<\/div>\n\t\t\t\t<\/div>\n\t\t\t\t\t<\/div>\n\t\t<\/div>\n\t\t\t\t\t<\/div>\n\t\t<\/section>\n\t\t\t\t<section class=\"elementor-section elementor-inner-section elementor-element elementor-element-8fe56b3 elementor-section-full_width elementor-section-height-default elementor-section-height-default\" data-id=\"8fe56b3\" data-element_type=\"section\">\n\t\t\t\t\t\t<div class=\"elementor-container elementor-column-gap-extended\">\n\t\t\t\t\t<div class=\"elementor-column elementor-col-33 elementor-inner-column elementor-element elementor-element-64d0d75\" data-id=\"64d0d75\" data-element_type=\"column\">\n\t\t\t<div class=\"elementor-widget-wrap elementor-element-populated\">\n\t\t\t\t\t\t<div class=\"elementor-element elementor-element-d812da6 elementor-widget elementor-widget-team_member\" data-id=\"d812da6\" data-element_type=\"widget\" data-widget_type=\"team_member.default\">\n\t\t\t\t<div class=\"elementor-widget-container\">\n\t\t\t\t\t\r\n        <div class=\"ms-tm style-2 left \">\r\n            <div class=\"ms-tm--box\">\r\n                <div class=\"ms-tm--img\">\r\n                    <img loading=\"lazy\" decoding=\"async\" width=\"2116\" height=\"2116\" src=\"https:\/\/www.lugopenfactory.com\/wp-content\/uploads\/2025\/03\/WhatsApp-Image-2024-09-30-at-11.44.21-scaled-e1742554779683.jpeg\" class=\"attachment-full size-full wp-image-7124\" alt=\"\" srcset=\"https:\/\/www.lugopenfactory.com\/wp-content\/uploads\/2025\/03\/WhatsApp-Image-2024-09-30-at-11.44.21-scaled-e1742554779683.jpeg 2116w, https:\/\/www.lugopenfactory.com\/wp-content\/uploads\/2025\/03\/WhatsApp-Image-2024-09-30-at-11.44.21-scaled-e1742554779683-700x700.jpeg 700w, https:\/\/www.lugopenfactory.com\/wp-content\/uploads\/2025\/03\/WhatsApp-Image-2024-09-30-at-11.44.21-scaled-e1742554779683-150x150.jpeg 150w, https:\/\/www.lugopenfactory.com\/wp-content\/uploads\/2025\/03\/WhatsApp-Image-2024-09-30-at-11.44.21-scaled-e1742554779683-300x300.jpeg 300w, https:\/\/www.lugopenfactory.com\/wp-content\/uploads\/2025\/03\/WhatsApp-Image-2024-09-30-at-11.44.21-scaled-e1742554779683-1024x1024.jpeg 1024w, https:\/\/www.lugopenfactory.com\/wp-content\/uploads\/2025\/03\/WhatsApp-Image-2024-09-30-at-11.44.21-scaled-e1742554779683-768x768.jpeg 768w, https:\/\/www.lugopenfactory.com\/wp-content\/uploads\/2025\/03\/WhatsApp-Image-2024-09-30-at-11.44.21-scaled-e1742554779683-1536x1536.jpeg 1536w, https:\/\/www.lugopenfactory.com\/wp-content\/uploads\/2025\/03\/WhatsApp-Image-2024-09-30-at-11.44.21-scaled-e1742554779683-2048x2048.jpeg 2048w, https:\/\/www.lugopenfactory.com\/wp-content\/uploads\/2025\/03\/WhatsApp-Image-2024-09-30-at-11.44.21-scaled-e1742554779683-268x268.jpeg 268w, https:\/\/www.lugopenfactory.com\/wp-content\/uploads\/2025\/03\/WhatsApp-Image-2024-09-30-at-11.44.21-scaled-e1742554779683-1120x1120.jpeg 1120w, https:\/\/www.lugopenfactory.com\/wp-content\/uploads\/2025\/03\/WhatsApp-Image-2024-09-30-at-11.44.21-scaled-e1742554779683-90x90.jpeg 90w\" sizes=\"(max-width: 2116px) 100vw, 2116px\" \/>                                <div class=\"ms-tm--socials\">\r\n                                                                                    <a class=\"ms-s-icon ms-s-icon--s2\" href=\"https:\/\/www.linkedin.com\/in\/youssef-badsi-a4b7b4160\/\">\r\n                            <i aria-hidden=\"true\" class=\"fab fa-linkedin\"><\/i>                        <\/a>\r\n                                                <\/div>\r\n                        <\/div>\r\n                <div class=\"ms-tm--content\">\r\n\r\n                                            <h3 class=\"ms-tm--title\">Youssef<\/h3>\r\n                    \r\n                                            <p class=\"ms-tm--function\">   Coordenador do Fab Lab<\/p>\r\n                    \r\n                    \r\n                <\/div>\r\n            <\/div>\r\n        <\/div>\r\n        \r\n    \t\t\t\t<\/div>\n\t\t\t\t<\/div>\n\t\t\t\t<div class=\"elementor-element elementor-element-46817da elementor-widget elementor-widget-team_member\" data-id=\"46817da\" data-element_type=\"widget\" data-widget_type=\"team_member.default\">\n\t\t\t\t<div class=\"elementor-widget-container\">\n\t\t\t\t\t\r\n        <div class=\"ms-tm style-2 left \">\r\n            <div class=\"ms-tm--box\">\r\n                <div class=\"ms-tm--img\">\r\n                    <img loading=\"lazy\" decoding=\"async\" width=\"2116\" height=\"2116\" src=\"https:\/\/www.lugopenfactory.com\/wp-content\/uploads\/2025\/04\/Untitled-design-1-1.png\" class=\"attachment-full size-full wp-image-8505\" alt=\"\" srcset=\"https:\/\/www.lugopenfactory.com\/wp-content\/uploads\/2025\/04\/Untitled-design-1-1.png 2116w, https:\/\/www.lugopenfactory.com\/wp-content\/uploads\/2025\/04\/Untitled-design-1-1-300x300.png 300w, https:\/\/www.lugopenfactory.com\/wp-content\/uploads\/2025\/04\/Untitled-design-1-1-1024x1024.png 1024w, https:\/\/www.lugopenfactory.com\/wp-content\/uploads\/2025\/04\/Untitled-design-1-1-150x150.png 150w, https:\/\/www.lugopenfactory.com\/wp-content\/uploads\/2025\/04\/Untitled-design-1-1-768x768.png 768w, https:\/\/www.lugopenfactory.com\/wp-content\/uploads\/2025\/04\/Untitled-design-1-1-1536x1536.png 1536w, https:\/\/www.lugopenfactory.com\/wp-content\/uploads\/2025\/04\/Untitled-design-1-1-2048x2048.png 2048w, https:\/\/www.lugopenfactory.com\/wp-content\/uploads\/2025\/04\/Untitled-design-1-1-268x268.png 268w, https:\/\/www.lugopenfactory.com\/wp-content\/uploads\/2025\/04\/Untitled-design-1-1-1120x1120.png 1120w, https:\/\/www.lugopenfactory.com\/wp-content\/uploads\/2025\/04\/Untitled-design-1-1-90x90.png 90w, https:\/\/www.lugopenfactory.com\/wp-content\/uploads\/2025\/04\/Untitled-design-1-1-700x700.png 700w\" sizes=\"(max-width: 2116px) 100vw, 2116px\" \/>                                <div class=\"ms-tm--socials\">\r\n                                                                                    <a class=\"ms-s-icon ms-s-icon--s2\" href=\"https:\/\/www.linkedin.com\/in\/\">\r\n                            <i aria-hidden=\"true\" class=\"fab fa-linkedin\"><\/i>                        <\/a>\r\n                                                <\/div>\r\n                        <\/div>\r\n                <div class=\"ms-tm--content\">\r\n\r\n                                            <h3 class=\"ms-tm--title\">Abdeljalil<\/h3>\r\n                    \r\n                                            <p class=\"ms-tm--function\">   ECS Voluntario<\/p>\r\n                    \r\n                    \r\n                <\/div>\r\n            <\/div>\r\n        <\/div>\r\n        \r\n    \t\t\t\t<\/div>\n\t\t\t\t<\/div>\n\t\t\t\t\t<\/div>\n\t\t<\/div>\n\t\t\t\t<div class=\"elementor-column elementor-col-33 elementor-inner-column elementor-element elementor-element-efa5fca\" data-id=\"efa5fca\" data-element_type=\"column\">\n\t\t\t<div class=\"elementor-widget-wrap elementor-element-populated\">\n\t\t\t\t\t\t<div class=\"elementor-element elementor-element-5a549c9 elementor-widget elementor-widget-team_member\" data-id=\"5a549c9\" data-element_type=\"widget\" data-widget_type=\"team_member.default\">\n\t\t\t\t<div class=\"elementor-widget-container\">\n\t\t\t\t\t\r\n        <div class=\"ms-tm style-2 left \">\r\n            <div class=\"ms-tm--box\">\r\n                <div class=\"ms-tm--img\">\r\n                    <img loading=\"lazy\" decoding=\"async\" width=\"800\" height=\"800\" src=\"https:\/\/www.lugopenfactory.com\/wp-content\/uploads\/2025\/03\/1730825170837-1.jpeg\" class=\"attachment-full size-full wp-image-7557\" alt=\"\" srcset=\"https:\/\/www.lugopenfactory.com\/wp-content\/uploads\/2025\/03\/1730825170837-1.jpeg 800w, https:\/\/www.lugopenfactory.com\/wp-content\/uploads\/2025\/03\/1730825170837-1-300x300.jpeg 300w, https:\/\/www.lugopenfactory.com\/wp-content\/uploads\/2025\/03\/1730825170837-1-150x150.jpeg 150w, https:\/\/www.lugopenfactory.com\/wp-content\/uploads\/2025\/03\/1730825170837-1-768x768.jpeg 768w, https:\/\/www.lugopenfactory.com\/wp-content\/uploads\/2025\/03\/1730825170837-1-268x268.jpeg 268w, https:\/\/www.lugopenfactory.com\/wp-content\/uploads\/2025\/03\/1730825170837-1-90x90.jpeg 90w, https:\/\/www.lugopenfactory.com\/wp-content\/uploads\/2025\/03\/1730825170837-1-700x700.jpeg 700w\" sizes=\"(max-width: 800px) 100vw, 800px\" \/>                                <div class=\"ms-tm--socials\">\r\n                                                                                    <a class=\"ms-s-icon ms-s-icon--s2\" href=\"https:\/\/www.linkedin.com\/in\/emma-recupero-6179b02b5\/\">\r\n                            <i aria-hidden=\"true\" class=\"fab fa-linkedin\"><\/i>                        <\/a>\r\n                                                <\/div>\r\n                        <\/div>\r\n                <div class=\"ms-tm--content\">\r\n\r\n                                            <h3 class=\"ms-tm--title\">Emma<\/h3>\r\n                    \r\n                                            <p class=\"ms-tm--function\">   Comunicaci\u00f3n<\/p>\r\n                    \r\n                    \r\n                <\/div>\r\n            <\/div>\r\n        <\/div>\r\n        \r\n    \t\t\t\t<\/div>\n\t\t\t\t<\/div>\n\t\t\t\t<div class=\"elementor-element elementor-element-1348610 elementor-widget elementor-widget-team_member\" data-id=\"1348610\" data-element_type=\"widget\" data-widget_type=\"team_member.default\">\n\t\t\t\t<div class=\"elementor-widget-container\">\n\t\t\t\t\t\r\n        <div class=\"ms-tm style-2 left \">\r\n            <div class=\"ms-tm--box\">\r\n                <div class=\"ms-tm--img\">\r\n                    <img loading=\"lazy\" decoding=\"async\" width=\"800\" height=\"800\" src=\"https:\/\/www.lugopenfactory.com\/wp-content\/uploads\/2025\/12\/Untitled-design66.png\" class=\"attachment-full size-full wp-image-9150\" alt=\"\" srcset=\"https:\/\/www.lugopenfactory.com\/wp-content\/uploads\/2025\/12\/Untitled-design66.png 800w, https:\/\/www.lugopenfactory.com\/wp-content\/uploads\/2025\/12\/Untitled-design66-300x300.png 300w, https:\/\/www.lugopenfactory.com\/wp-content\/uploads\/2025\/12\/Untitled-design66-150x150.png 150w, https:\/\/www.lugopenfactory.com\/wp-content\/uploads\/2025\/12\/Untitled-design66-768x768.png 768w, https:\/\/www.lugopenfactory.com\/wp-content\/uploads\/2025\/12\/Untitled-design66-268x268.png 268w, https:\/\/www.lugopenfactory.com\/wp-content\/uploads\/2025\/12\/Untitled-design66-90x90.png 90w, https:\/\/www.lugopenfactory.com\/wp-content\/uploads\/2025\/12\/Untitled-design66-700x700.png 700w\" sizes=\"(max-width: 800px) 100vw, 800px\" \/>                                <div class=\"ms-tm--socials\">\r\n                                                                                    <a class=\"ms-s-icon ms-s-icon--s2\" href=\"https:\/\/www.linkedin.com\/in\/stefano-panzeri-555491393\/\">\r\n                            <i aria-hidden=\"true\" class=\"fab fa-linkedin\"><\/i>                        <\/a>\r\n                                                <\/div>\r\n                        <\/div>\r\n                <div class=\"ms-tm--content\">\r\n\r\n                                            <h3 class=\"ms-tm--title\">Stefano <\/h3>\r\n                    \r\n                                            <p class=\"ms-tm--function\">  FabLab Expert <\/p>\r\n                    \r\n                    \r\n                <\/div>\r\n            <\/div>\r\n        <\/div>\r\n        \r\n    \t\t\t\t<\/div>\n\t\t\t\t<\/div>\n\t\t\t\t\t<\/div>\n\t\t<\/div>\n\t\t\t\t<div class=\"elementor-column elementor-col-33 elementor-inner-column elementor-element elementor-element-11073d5\" data-id=\"11073d5\" data-element_type=\"column\">\n\t\t\t<div class=\"elementor-widget-wrap elementor-element-populated\">\n\t\t\t\t\t\t<div class=\"elementor-element elementor-element-a71a140 elementor-widget elementor-widget-team_member\" data-id=\"a71a140\" data-element_type=\"widget\" data-widget_type=\"team_member.default\">\n\t\t\t\t<div class=\"elementor-widget-container\">\n\t\t\t\t\t\r\n        <div class=\"ms-tm style-2 left \">\r\n            <div class=\"ms-tm--box\">\r\n                <div class=\"ms-tm--img\">\r\n                    <img loading=\"lazy\" decoding=\"async\" width=\"667\" height=\"668\" src=\"https:\/\/www.lugopenfactory.com\/wp-content\/uploads\/2025\/03\/icianalskjdf.png\" class=\"attachment-full size-full wp-image-7570\" alt=\"\" srcset=\"https:\/\/www.lugopenfactory.com\/wp-content\/uploads\/2025\/03\/icianalskjdf.png 667w, https:\/\/www.lugopenfactory.com\/wp-content\/uploads\/2025\/03\/icianalskjdf-300x300.png 300w, https:\/\/www.lugopenfactory.com\/wp-content\/uploads\/2025\/03\/icianalskjdf-150x150.png 150w, https:\/\/www.lugopenfactory.com\/wp-content\/uploads\/2025\/03\/icianalskjdf-268x268.png 268w, https:\/\/www.lugopenfactory.com\/wp-content\/uploads\/2025\/03\/icianalskjdf-90x90.png 90w\" sizes=\"(max-width: 667px) 100vw, 667px\" \/>                                <div class=\"ms-tm--socials\">\r\n                                                                                    <a class=\"ms-s-icon ms-s-icon--s2\" href=\"https:\/\/www.linkedin.com\/in\/iciaanllo\/\">\r\n                            <i aria-hidden=\"true\" class=\"fab fa-linkedin\"><\/i>                        <\/a>\r\n                                                <\/div>\r\n                        <\/div>\r\n                <div class=\"ms-tm--content\">\r\n\r\n                                            <h3 class=\"ms-tm--title\">Ic\u00eda<\/h3>\r\n                    \r\n                                            <p class=\"ms-tm--function\">   Asesoramento en Proxectos Europeos<\/p>\r\n                    \r\n                    \r\n                <\/div>\r\n            <\/div>\r\n        <\/div>\r\n        \r\n    \t\t\t\t<\/div>\n\t\t\t\t<\/div>\n\t\t\t\t\t<\/div>\n\t\t<\/div>\n\t\t\t\t\t<\/div>\n\t\t<\/section>\n\t\t\t\t<div class=\"elementor-element elementor-element-c7ca2c4 elementor-widget elementor-widget-spacer\" data-id=\"c7ca2c4\" data-element_type=\"widget\" data-widget_type=\"spacer.default\">\n\t\t\t\t<div class=\"elementor-widget-container\">\n\t\t\t\t\t\t\t<div class=\"elementor-spacer\">\n\t\t\t<div class=\"elementor-spacer-inner\"><\/div>\n\t\t<\/div>\n\t\t\t\t\t\t<\/div>\n\t\t\t\t<\/div>\n\t\t\t\t\t<\/div>\n\t\t<\/div>\n\t\t\t\t\t<\/div>\n\t\t<\/section>\n\t\t\t\t<\/div>\n\t\t","protected":false},"excerpt":{"rendered":"<p>Xunt\u00e1monos para crear En Lug Open Factory, estamos orgullosos do noso equipo de expertos e profesionais, que impulsan a nosa misi\u00f3n coa innovaci\u00f3n, o [&hellip;]<\/p>\n","protected":false},"author":2,"featured_media":0,"parent":0,"menu_order":0,"comment_status":"closed","ping_status":"closed","template":"","meta":{"om_disable_all_campaigns":false,"_monsterinsights_skip_tracking":false,"_monsterinsights_sitenote_active":false,"_monsterinsights_sitenote_note":"","_monsterinsights_sitenote_category":0,"footnotes":""},"class_list":["post-6489","page","type-page","status-publish","hentry"],"aioseo_notices":[],"jetpack_sharing_enabled":true,"_links":{"self":[{"href":"https:\/\/www.lugopenfactory.com\/gl\/wp-json\/wp\/v2\/pages\/6489","targetHints":{"allow":["GET"]}}],"collection":[{"href":"https:\/\/www.lugopenfactory.com\/gl\/wp-json\/wp\/v2\/pages"}],"about":[{"href":"https:\/\/www.lugopenfactory.com\/gl\/wp-json\/wp\/v2\/types\/page"}],"author":[{"embeddable":true,"href":"https:\/\/www.lugopenfactory.com\/gl\/wp-json\/wp\/v2\/users\/2"}],"replies":[{"embeddable":true,"href":"https:\/\/www.lugopenfactory.com\/gl\/wp-json\/wp\/v2\/comments?post=6489"}],"version-history":[{"count":43,"href":"https:\/\/www.lugopenfactory.com\/gl\/wp-json\/wp\/v2\/pages\/6489\/revisions"}],"predecessor-version":[{"id":9159,"href":"https:\/\/www.lugopenfactory.com\/gl\/wp-json\/wp\/v2\/pages\/6489\/revisions\/9159"}],"wp:attachment":[{"href":"https:\/\/www.lugopenfactory.com\/gl\/wp-json\/wp\/v2\/media?parent=6489"}],"curies":[{"name":"wp","href":"https:\/\/api.w.org\/{rel}","templated":true}]}}