{"id":6745,"date":"2025-03-03T17:11:07","date_gmt":"2025-03-03T17:11:07","guid":{"rendered":"https:\/\/www.lugopenfactory.com\/?page_id=6745"},"modified":"2025-09-18T11:12:51","modified_gmt":"2025-09-18T11:12:51","slug":"l-o-f-2","status":"publish","type":"page","link":"https:\/\/www.lugopenfactory.com\/es\/l-o-f-2\/","title":{"rendered":"L.O.F"},"content":{"rendered":"\t\t<div data-elementor-type=\"wp-page\" data-elementor-id=\"6745\" class=\"elementor elementor-6745\">\n\t\t\t\t\t\t<section class=\"elementor-section elementor-top-section elementor-element elementor-element-1a66a08 elementor-section-full_width elementor-section-height-min-height elementor-section-items-bottom elementor-section-content-bottom elementor-section-height-default\" data-id=\"1a66a08\" data-element_type=\"section\" data-settings=\"{&quot;background_background&quot;:&quot;video&quot;,&quot;background_video_link&quot;:&quot;https:\\\/\\\/youtu.be\\\/ukA6xPjAfPA?si=Z-Tv4-qu6UpDGBCq&amp;t=9&quot;,&quot;background_video_start&quot;:12,&quot;background_video_end&quot;:174,&quot;background_play_on_mobile&quot;:&quot;yes&quot;,&quot;background_privacy_mode&quot;:&quot;yes&quot;}\">\n\t\t\t\t\t\t\t\t<div class=\"elementor-background-video-container\">\n\t\t\t\t\t\t\t\t\t\t\t\t\t<div class=\"elementor-background-video-embed\"><\/div>\n\t\t\t\t\t\t\t\t\t\t\t\t<\/div>\n\t\t\t\t\t\t\t\t<div class=\"elementor-container elementor-column-gap-no\">\n\t\t\t\t\t<div class=\"elementor-column elementor-col-100 elementor-top-column elementor-element elementor-element-55acbe7\" data-id=\"55acbe7\" data-element_type=\"column\">\n\t\t\t<div class=\"elementor-widget-wrap elementor-element-populated\">\n\t\t\t\t\t\t<div class=\"elementor-element elementor-element-9d1a100 elementor-widget elementor-widget-ms_text_ticker\" data-id=\"9d1a100\" data-element_type=\"widget\" data-widget_type=\"ms_text_ticker.default\">\n\t\t\t\t<div class=\"elementor-widget-container\">\n\t\t\t\t\t        <div id=\"9d1a100\" class=\"ms-tt-wrap\" data-speed=\"900\" data-direction=\"rtl\" data-sh=\"on\">\r\n            <ul class=\"ms-tt\">\r\n\r\n                                <li class=\"ms-tt__text\">Crea, Innova y Prototipa con Nosotros <span>\u2022<\/span> Crea, Innova y Prototipa con Nosotros <span>\u2022<\/span>&nbsp;<\/li>\r\n                                    <li class=\"ms-tt__text\">Crea, Innova y Prototipa con Nosotros <span>\u2022<\/span> Crea, Innova y Prototipa con Nosotros <span>\u2022<\/span>&nbsp;<\/li>\r\n                                    <li class=\"ms-tt__text\">Crea, Innova y Prototipa con Nosotros <span>\u2022<\/span> Crea, Innova y Prototipa con Nosotros <span>\u2022<\/span>&nbsp;<\/li>\r\n                                    <li class=\"ms-tt__text\">Crea, Innova y Prototipa con Nosotros <span>\u2022<\/span> Crea, Innova y Prototipa con Nosotros <span>\u2022<\/span>&nbsp;<\/li>\r\n                                    <li class=\"ms-tt__text\">Crea, Innova y Prototipa con Nosotros <span>\u2022<\/span> Crea, Innova y Prototipa con Nosotros <span>\u2022<\/span>&nbsp;<\/li>\r\n                                    <li class=\"ms-tt__text\">Crea, Innova y Prototipa con Nosotros <span>\u2022<\/span> Crea, Innova y Prototipa con Nosotros <span>\u2022<\/span>&nbsp;<\/li>\r\n                                    <li class=\"ms-tt__text\">Crea, Innova y Prototipa con Nosotros <span>\u2022<\/span> Crea, Innova y Prototipa con Nosotros <span>\u2022<\/span>&nbsp;<\/li>\r\n                                    <li class=\"ms-tt__text\">Crea, Innova y Prototipa con Nosotros <span>\u2022<\/span> Crea, Innova y Prototipa con Nosotros <span>\u2022<\/span>&nbsp;<\/li>\r\n                    \r\n            <\/ul>\r\n        <\/div>\r\n        \t\t\t\t<\/div>\n\t\t\t\t<\/div>\n\t\t\t\t\t<\/div>\n\t\t<\/div>\n\t\t\t\t\t<\/div>\n\t\t<\/section>\n\t\t\t\t<section class=\"elementor-section elementor-top-section elementor-element elementor-element-a341ae8 elementor-section-full_width elementor-section-height-default elementor-section-height-default\" data-id=\"a341ae8\" data-element_type=\"section\" data-settings=\"{&quot;background_background&quot;:&quot;classic&quot;}\">\n\t\t\t\t\t\t<div class=\"elementor-container elementor-column-gap-extended\">\n\t\t\t\t\t<div class=\"elementor-column elementor-col-100 elementor-top-column elementor-element elementor-element-290a3c1\" data-id=\"290a3c1\" data-element_type=\"column\">\n\t\t\t<div class=\"elementor-widget-wrap elementor-element-populated\">\n\t\t\t\t\t\t<div class=\"elementor-element elementor-element-f795630 elementor-widget elementor-widget-spacer\" data-id=\"f795630\" data-element_type=\"widget\" data-widget_type=\"spacer.default\">\n\t\t\t\t<div class=\"elementor-widget-container\">\n\t\t\t\t\t\t\t<div class=\"elementor-spacer\">\n\t\t\t<div class=\"elementor-spacer-inner\"><\/div>\n\t\t<\/div>\n\t\t\t\t\t\t<\/div>\n\t\t\t\t<\/div>\n\t\t\t\t<div class=\"elementor-element elementor-element-9edd474 elementor-widget elementor-widget-heading\" data-id=\"9edd474\" data-element_type=\"widget\" data-widget_type=\"heading.default\">\n\t\t\t\t<div class=\"elementor-widget-container\">\n\t\t\t\t\t<h2 class=\"elementor-heading-title elementor-size-default\">Empoderando a la juventud, dando forma al futuro de Europa<\/h2>\t\t\t\t<\/div>\n\t\t\t\t<\/div>\n\t\t\t\t<section class=\"elementor-section elementor-inner-section elementor-element elementor-element-19fae26 elementor-section-boxed elementor-section-height-default elementor-section-height-default\" data-id=\"19fae26\" data-element_type=\"section\">\n\t\t\t\t\t\t<div class=\"elementor-container elementor-column-gap-default\">\n\t\t\t\t\t<div class=\"elementor-column elementor-col-50 elementor-inner-column elementor-element elementor-element-cb6d53c\" data-id=\"cb6d53c\" data-element_type=\"column\">\n\t\t\t<div class=\"elementor-widget-wrap elementor-element-populated\">\n\t\t\t\t\t\t<div class=\"elementor-element elementor-element-fa882c0 elementor-widget elementor-widget-heading\" data-id=\"fa882c0\" data-element_type=\"widget\" data-widget_type=\"heading.default\">\n\t\t\t\t<div class=\"elementor-widget-container\">\n\t\t\t\t\t<h1 class=\"elementor-heading-title elementor-size-default\">L<p>\nO<p>\nF<p><\/h1>\t\t\t\t<\/div>\n\t\t\t\t<\/div>\n\t\t\t\t\t<\/div>\n\t\t<\/div>\n\t\t\t\t<div class=\"elementor-column elementor-col-50 elementor-inner-column elementor-element elementor-element-3a69dee\" data-id=\"3a69dee\" data-element_type=\"column\">\n\t\t\t<div class=\"elementor-widget-wrap elementor-element-populated\">\n\t\t\t\t\t\t<div class=\"elementor-element elementor-element-432b584 elementor-widget elementor-widget-text-editor\" data-id=\"432b584\" data-element_type=\"widget\" data-widget_type=\"text-editor.default\">\n\t\t\t\t<div class=\"elementor-widget-container\">\n\t\t\t\t\t\t\t\t\t<p data-start=\"171\" data-end=\"443\"><br data-start=\"909\" data-end=\"912\" \/>Nuestra creatividad est\u00e1 al servicio de una juventud emprendedora que busca una puerta a la que llamar para encontrar apoyo a sus ideas y proyectos. Trabajamos con esfuerzo para hacer realidad sus sue\u00f1os, fomentando la <strong data-start=\"1131\" data-end=\"1156\">participaci\u00f3n juvenil<\/strong> y creando oportunidades en toda <strong data-start=\"1189\" data-end=\"1199\">Europa<\/strong>.<\/p><p data-start=\"1204\" data-end=\"1550\">Nos centramos en el <strong data-start=\"1224\" data-end=\"1242\">emprendimiento<\/strong>, la <strong data-start=\"1247\" data-end=\"1270\">educaci\u00f3n no formal<\/strong> y el desarrollo de soluciones innovadoras a los desaf\u00edos actuales, incluida la lucha contra el <strong data-start=\"1366\" data-end=\"1386\">cambio clim\u00e1tico<\/strong>. Creemos en el poder de las <strong data-start=\"1415\" data-end=\"1434\">voces de Europa<\/strong>, promoviendo la igualdad y la no discriminaci\u00f3n para que todos los j\u00f3venes puedan construir un futuro sostenible.<\/p><p data-start=\"1552\" data-end=\"1993\"><strong data-start=\"1552\" data-end=\"1701\">ESPACIO DE INCUBADORA | COWORKING | FAB LAB | ESCUELA DE EDUCACI\u00d3N NO FORMAL | RED DE COLABORACI\u00d3N RE.CO.LO.CA. | MOVILIDAD JUVENIL INTERNACIONAL<\/strong><br data-start=\"1701\" data-end=\"1704\" \/><\/p>\t\t\t\t\t\t\t\t<\/div>\n\t\t\t\t<\/div>\n\t\t\t\t\t<\/div>\n\t\t<\/div>\n\t\t\t\t\t<\/div>\n\t\t<\/section>\n\t\t\t\t<div class=\"elementor-element elementor-element-4915a66 elementor-widget elementor-widget-spacer\" data-id=\"4915a66\" data-element_type=\"widget\" data-widget_type=\"spacer.default\">\n\t\t\t\t<div class=\"elementor-widget-container\">\n\t\t\t\t\t\t\t<div class=\"elementor-spacer\">\n\t\t\t<div class=\"elementor-spacer-inner\"><\/div>\n\t\t<\/div>\n\t\t\t\t\t\t<\/div>\n\t\t\t\t<\/div>\n\t\t\t\t\t<\/div>\n\t\t<\/div>\n\t\t\t\t\t<\/div>\n\t\t<\/section>\n\t\t\t\t<section class=\"elementor-section elementor-top-section elementor-element elementor-element-3dae0dd elementor-section-full_width elementor-section-height-default elementor-section-height-default\" data-id=\"3dae0dd\" data-element_type=\"section\">\n\t\t\t\t\t\t<div class=\"elementor-container elementor-column-gap-no\">\n\t\t\t\t\t<div class=\"elementor-column elementor-col-100 elementor-top-column elementor-element elementor-element-b7119db\" data-id=\"b7119db\" data-element_type=\"column\">\n\t\t\t<div class=\"elementor-widget-wrap elementor-element-populated\">\n\t\t\t\t\t\t<div class=\"elementor-element elementor-element-1f77207 elementor-widget elementor-widget-ms-hero\" data-id=\"1f77207\" data-element_type=\"widget\" data-widget_type=\"ms-hero.default\">\n\t\t\t\t<div class=\"elementor-widget-container\">\n\t\t\t\t\t\r\n        <section class=\"ms-hero\" id=\"1f77207\">\r\n\r\n            \r\n                            <div class=\"ms-parallax\" data-speed=\"0.7\" data-type=\"scroll\">\r\n                                            <img decoding=\"async\" class=\"jarallax-img\" src=\"http:\/\/www.lugopenfactory.com\/wp-content\/uploads\/2025\/03\/464815464_956767636485368_5252678028507969856_n.jpg\" alt=\"\">\r\n                                                        <\/div>\r\n            \r\n            \r\n                \r\n                \r\n            \r\n        <\/section>\r\n\r\n    \t\t\t\t<\/div>\n\t\t\t\t<\/div>\n\t\t\t\t\t<\/div>\n\t\t<\/div>\n\t\t\t\t\t<\/div>\n\t\t<\/section>\n\t\t\t\t<section class=\"elementor-section elementor-top-section elementor-element elementor-element-0625ac8 elementor-section-boxed elementor-section-height-default elementor-section-height-default\" data-id=\"0625ac8\" data-element_type=\"section\">\n\t\t\t\t\t\t<div class=\"elementor-container elementor-column-gap-extended\">\n\t\t\t\t\t<div class=\"elementor-column elementor-col-100 elementor-top-column elementor-element elementor-element-ce2a2f4\" data-id=\"ce2a2f4\" data-element_type=\"column\">\n\t\t\t<div class=\"elementor-widget-wrap elementor-element-populated\">\n\t\t\t\t\t\t<div class=\"elementor-element elementor-element-896b43d elementor-widget elementor-widget-spacer\" data-id=\"896b43d\" data-element_type=\"widget\" data-widget_type=\"spacer.default\">\n\t\t\t\t<div class=\"elementor-widget-container\">\n\t\t\t\t\t\t\t<div class=\"elementor-spacer\">\n\t\t\t<div class=\"elementor-spacer-inner\"><\/div>\n\t\t<\/div>\n\t\t\t\t\t\t<\/div>\n\t\t\t\t<\/div>\n\t\t\t\t<section class=\"elementor-section elementor-inner-section elementor-element elementor-element-38d8c51 elementor-section-full_width elementor-section-height-default elementor-section-height-default\" data-id=\"38d8c51\" data-element_type=\"section\">\n\t\t\t\t\t\t<div class=\"elementor-container elementor-column-gap-default\">\n\t\t\t\t\t<div class=\"elementor-column elementor-col-50 elementor-inner-column elementor-element elementor-element-457febf\" data-id=\"457febf\" data-element_type=\"column\">\n\t\t\t<div class=\"elementor-widget-wrap elementor-element-populated\">\n\t\t\t\t\t\t<div class=\"elementor-element elementor-element-96335e4 elementor-widget elementor-widget-heading\" data-id=\"96335e4\" data-element_type=\"widget\" data-widget_type=\"heading.default\">\n\t\t\t\t<div class=\"elementor-widget-container\">\n\t\t\t\t\t<h2 class=\"elementor-heading-title elementor-size-default\">Misi\u00f3n<\/h2>\t\t\t\t<\/div>\n\t\t\t\t<\/div>\n\t\t\t\t\t<\/div>\n\t\t<\/div>\n\t\t\t\t<div class=\"elementor-column elementor-col-50 elementor-inner-column elementor-element elementor-element-e20e92b\" data-id=\"e20e92b\" data-element_type=\"column\">\n\t\t\t<div class=\"elementor-widget-wrap elementor-element-populated\">\n\t\t\t\t\t\t<div class=\"elementor-element elementor-element-629c560 elementor-widget elementor-widget-heading\" data-id=\"629c560\" data-element_type=\"widget\" data-widget_type=\"heading.default\">\n\t\t\t\t<div class=\"elementor-widget-container\">\n\t\t\t\t\t<h2 class=\"elementor-heading-title elementor-size-default\"><p data-start=\"0\" data-end=\"152\">Nuestra misi\u00f3n es empoderar a la juventud proporcion\u00e1ndole las herramientas y oportunidades necesarias para transformar sus ideas en proyectos reales y sostenibles.\n<span style=\"color: var(--color-contrast-higher);background-color: var(--color-bg)\">\nTrabajamos para construir un futuro m\u00e1s inclusivo, digital y sostenible. A trav\u00e9s de la colaboraci\u00f3n local e internacional, creamos un ecosistema din\u00e1mico donde los j\u00f3venes puedan aprender, crear y liderar el cambio en sus comunidades y en toda Europa.\n<\/span><\/p><\/h2>\t\t\t\t<\/div>\n\t\t\t\t<\/div>\n\t\t\t\t\t<\/div>\n\t\t<\/div>\n\t\t\t\t\t<\/div>\n\t\t<\/section>\n\t\t\t\t<section class=\"elementor-section elementor-inner-section elementor-element elementor-element-0fc1b12 elementor-section-full_width elementor-section-height-default elementor-section-height-default\" data-id=\"0fc1b12\" data-element_type=\"section\">\n\t\t\t\t\t\t<div class=\"elementor-container elementor-column-gap-default\">\n\t\t\t\t\t<div class=\"elementor-column elementor-col-50 elementor-inner-column elementor-element elementor-element-f7004aa\" data-id=\"f7004aa\" data-element_type=\"column\">\n\t\t\t<div class=\"elementor-widget-wrap elementor-element-populated\">\n\t\t\t\t\t\t<div class=\"elementor-element elementor-element-f306423 elementor-widget elementor-widget-heading\" data-id=\"f306423\" data-element_type=\"widget\" data-widget_type=\"heading.default\">\n\t\t\t\t<div class=\"elementor-widget-container\">\n\t\t\t\t\t<h2 class=\"elementor-heading-title elementor-size-default\"><p data-start=\"0\" data-end=\"191\">En Lug Open Factory, imaginamos un futuro en el que la juventud lidere el cambio, con acceso a oportunidades que les permitan desarrollar sus talentos y transformar sus comunidades.\n <span style=\"color: var(--color-contrast-higher);background-color: var(--color-bg)\">Aspiramos a un <\/span><strong data-start=\"209\" data-end=\"249\" style=\"color: var(--color-contrast-higher);background-color: var(--color-bg)\">empoderada, innovadora y conectada<\/strong><span style=\"color: var(--color-contrast-higher);background-color: var(--color-bg)\">juventud, donde los j\u00f3venes, especialmente en <\/span><strong data-start=\"291\" data-end=\"306\" style=\"color: var(--color-contrast-higher);background-color: var(--color-bg)\">\u00e1reas rurales<\/strong><span style=\"color: var(--color-contrast-higher);background-color: var(--color-bg)\">, tengan las herramientas necesarias para <\/span><strong data-start=\"336\" data-end=\"397\" style=\"color: var(--color-contrast-higher);background-color: var(--color-bg)\">emprender, aprender y liderar el desarrollo sostenible<\/strong><span style=\"color: var(--color-contrast-higher);background-color: var(--color-bg)\"> de sus territorios.<\/span><\/p><\/h2>\t\t\t\t<\/div>\n\t\t\t\t<\/div>\n\t\t\t\t\t<\/div>\n\t\t<\/div>\n\t\t\t\t<div class=\"elementor-column elementor-col-50 elementor-inner-column elementor-element elementor-element-09da0a3\" data-id=\"09da0a3\" data-element_type=\"column\">\n\t\t\t<div class=\"elementor-widget-wrap elementor-element-populated\">\n\t\t\t\t\t\t<div class=\"elementor-element elementor-element-e60dc83 elementor-widget elementor-widget-heading\" data-id=\"e60dc83\" data-element_type=\"widget\" data-widget_type=\"heading.default\">\n\t\t\t\t<div class=\"elementor-widget-container\">\n\t\t\t\t\t<h2 class=\"elementor-heading-title elementor-size-default\">Visi\u00f3n<\/h2>\t\t\t\t<\/div>\n\t\t\t\t<\/div>\n\t\t\t\t\t<\/div>\n\t\t<\/div>\n\t\t\t\t\t<\/div>\n\t\t<\/section>\n\t\t\t\t<div class=\"elementor-element elementor-element-003cd33 elementor-widget-divider--view-line elementor-widget elementor-widget-divider\" data-id=\"003cd33\" data-element_type=\"widget\" data-widget_type=\"divider.default\">\n\t\t\t\t<div class=\"elementor-widget-container\">\n\t\t\t\t\t\t\t<div class=\"elementor-divider\">\n\t\t\t<span class=\"elementor-divider-separator\">\n\t\t\t\t\t\t<\/span>\n\t\t<\/div>\n\t\t\t\t\t\t<\/div>\n\t\t\t\t<\/div>\n\t\t\t\t<div class=\"elementor-element elementor-element-fc83086 elementor-widget elementor-widget-heading\" data-id=\"fc83086\" data-element_type=\"widget\" data-widget_type=\"heading.default\">\n\t\t\t\t<div class=\"elementor-widget-container\">\n\t\t\t\t\t<h2 class=\"elementor-heading-title elementor-size-default\">\u00a1Innova. Crea. Con\u00e9ctate. \u00danete a nosotros y convierte tu visi\u00f3n en realidad!<\/h2>\t\t\t\t<\/div>\n\t\t\t\t<\/div>\n\t\t\t\t<div class=\"elementor-element elementor-element-b68c455 elementor-widget elementor-widget-ms-button\" data-id=\"b68c455\" data-element_type=\"widget\" data-widget_type=\"ms-button.default\">\n\t\t\t\t<div class=\"elementor-widget-container\">\n\t\t\t\t\t\r\n\r\n\t\t<a class=\"btn btn-default btn--md btn--primary\" role=\"button\" href=\"https:\/\/www.lugopenfactory.com\/our-projects\/\">\r\n\r\n\t\t\t\r\n\t\t\t<div class=\"ms-btn__text\">Mostrar m\u00e1s<\/div>\r\n\r\n\r\n\t\t\t\r\n\t\t<\/a>\r\n\r\n\t\t\t\t\t\t<\/div>\n\t\t\t\t<\/div>\n\t\t\t\t<div class=\"elementor-element elementor-element-1dbac4f elementor-widget elementor-widget-spacer\" data-id=\"1dbac4f\" data-element_type=\"widget\" data-widget_type=\"spacer.default\">\n\t\t\t\t<div class=\"elementor-widget-container\">\n\t\t\t\t\t\t\t<div class=\"elementor-spacer\">\n\t\t\t<div class=\"elementor-spacer-inner\"><\/div>\n\t\t<\/div>\n\t\t\t\t\t\t<\/div>\n\t\t\t\t<\/div>\n\t\t\t\t\t<\/div>\n\t\t<\/div>\n\t\t\t\t\t<\/div>\n\t\t<\/section>\n\t\t\t\t<section class=\"elementor-section elementor-top-section elementor-element elementor-element-500fba3 elementor-section-boxed elementor-section-height-default elementor-section-height-default\" data-id=\"500fba3\" data-element_type=\"section\">\n\t\t\t\t\t\t<div class=\"elementor-container elementor-column-gap-default\">\n\t\t\t\t\t<div class=\"elementor-column elementor-col-100 elementor-top-column elementor-element elementor-element-b701a5b\" data-id=\"b701a5b\" data-element_type=\"column\">\n\t\t\t<div class=\"elementor-widget-wrap elementor-element-populated\">\n\t\t\t\t\t\t<div class=\"elementor-element elementor-element-d20e7b4 elementor-widget elementor-widget-slider_revolution\" data-id=\"d20e7b4\" data-element_type=\"widget\" data-widget_type=\"slider_revolution.default\">\n\t\t\t\t<div class=\"elementor-widget-container\">\n\t\t\t\t\t\t\t<script>window.parent.elementorSelectRevSlider();<\/script>\n\t\t\n\t\t<div class=\"wp-block-themepunch-revslider\"><\/div>\n\n\t\t\t\t\t\t<\/div>\n\t\t\t\t<\/div>\n\t\t\t\t\t<\/div>\n\t\t<\/div>\n\t\t\t\t\t<\/div>\n\t\t<\/section>\n\t\t\t\t<\/div>\n\t\t","protected":false},"excerpt":{"rendered":"<p>Crea, Innova y Prototipa con Nosotros \u2022 Crea, Innova y Prototipa con Nosotros \u2022&nbsp; Crea, Innova y Prototipa con Nosotros \u2022 Crea, Innova y [&hellip;]<\/p>\n","protected":false},"author":5,"featured_media":0,"parent":0,"menu_order":0,"comment_status":"closed","ping_status":"closed","template":"page-custom.php","meta":{"om_disable_all_campaigns":false,"_monsterinsights_skip_tracking":false,"_monsterinsights_sitenote_active":false,"_monsterinsights_sitenote_note":"","_monsterinsights_sitenote_category":0,"footnotes":""},"class_list":["post-6745","page","type-page","status-publish","hentry"],"aioseo_notices":[],"jetpack_sharing_enabled":true,"_links":{"self":[{"href":"https:\/\/www.lugopenfactory.com\/es\/wp-json\/wp\/v2\/pages\/6745","targetHints":{"allow":["GET"]}}],"collection":[{"href":"https:\/\/www.lugopenfactory.com\/es\/wp-json\/wp\/v2\/pages"}],"about":[{"href":"https:\/\/www.lugopenfactory.com\/es\/wp-json\/wp\/v2\/types\/page"}],"author":[{"embeddable":true,"href":"https:\/\/www.lugopenfactory.com\/es\/wp-json\/wp\/v2\/users\/5"}],"replies":[{"embeddable":true,"href":"https:\/\/www.lugopenfactory.com\/es\/wp-json\/wp\/v2\/comments?post=6745"}],"version-history":[{"count":79,"href":"https:\/\/www.lugopenfactory.com\/es\/wp-json\/wp\/v2\/pages\/6745\/revisions"}],"predecessor-version":[{"id":8901,"href":"https:\/\/www.lugopenfactory.com\/es\/wp-json\/wp\/v2\/pages\/6745\/revisions\/8901"}],"wp:attachment":[{"href":"https:\/\/www.lugopenfactory.com\/es\/wp-json\/wp\/v2\/media?parent=6745"}],"curies":[{"name":"wp","href":"https:\/\/api.w.org\/{rel}","templated":true}]}}